{"id":46997,"date":"2019-01-17T14:03:56","date_gmt":"2019-01-17T13:03:56","guid":{"rendered":"https:\/\/spreitzer.de\/servizi\/"},"modified":"2025-01-23T15:32:27","modified_gmt":"2025-01-23T14:32:27","slug":"servizi","status":"publish","type":"page","link":"https:\/\/spreitzer.de\/it\/servizi\/","title":{"rendered":"servizi"},"content":{"rendered":"\t\t<div data-elementor-type=\"wp-page\" data-elementor-id=\"46997\" class=\"elementor elementor-46997 elementor-12188\" data-elementor-post-type=\"page\">\n\t\t\t\t<div class=\"elementor-element elementor-element-17e8829 e-con-full e-flex e-con e-parent\" data-id=\"17e8829\" data-element_type=\"container\" data-e-type=\"container\" data-settings=\"{&quot;background_background&quot;:&quot;classic&quot;,&quot;jet_parallax_layout_list&quot;:[],&quot;_ob_use_container_extras&quot;:&quot;no&quot;,&quot;_ob_column_hoveranimator&quot;:&quot;no&quot;,&quot;_ob_glider_is_slider&quot;:&quot;no&quot;,&quot;_ob_column_has_pseudo&quot;:&quot;no&quot;}\">\n\t\t\t\t<div class=\"elementor-element elementor-element-489448a ob-has-background-overlay elementor-widget elementor-widget-image\" data-id=\"489448a\" data-element_type=\"widget\" data-e-type=\"widget\" data-settings=\"{&quot;_ob_photomorph_use&quot;:&quot;no&quot;,&quot;_ob_perspektive_use&quot;:&quot;no&quot;,&quot;_ob_poopart_use&quot;:&quot;yes&quot;,&quot;_ob_shadough_use&quot;:&quot;no&quot;,&quot;_ob_allow_hoveranimator&quot;:&quot;no&quot;,&quot;_ob_widget_stalker_use&quot;:&quot;no&quot;}\" data-widget_type=\"image.default\">\n\t\t\t\t<div class=\"elementor-widget-container\">\n\t\t\t\t\t\t\t\t\t\t\t\t\t\t\t<img fetchpriority=\"high\" decoding=\"async\" width=\"1920\" height=\"765\" src=\"https:\/\/spreitzer.de\/wp-content\/uploads\/2021\/02\/spreitzer-dienstleistungen-header.jpg\" class=\"attachment-full size-full wp-image-49921\" alt=\"\" srcset=\"https:\/\/spreitzer.de\/wp-content\/uploads\/2021\/02\/spreitzer-dienstleistungen-header.jpg 1920w, https:\/\/spreitzer.de\/wp-content\/uploads\/2021\/02\/spreitzer-dienstleistungen-header-300x120.jpg 300w, https:\/\/spreitzer.de\/wp-content\/uploads\/2021\/02\/spreitzer-dienstleistungen-header-1024x408.jpg 1024w, https:\/\/spreitzer.de\/wp-content\/uploads\/2021\/02\/spreitzer-dienstleistungen-header-768x306.jpg 768w, https:\/\/spreitzer.de\/wp-content\/uploads\/2021\/02\/spreitzer-dienstleistungen-header-1536x612.jpg 1536w, https:\/\/spreitzer.de\/wp-content\/uploads\/2021\/02\/spreitzer-dienstleistungen-header-200x80.jpg 200w, https:\/\/spreitzer.de\/wp-content\/uploads\/2021\/02\/spreitzer-dienstleistungen-header-400x159.jpg 400w, https:\/\/spreitzer.de\/wp-content\/uploads\/2021\/02\/spreitzer-dienstleistungen-header-600x239.jpg 600w, https:\/\/spreitzer.de\/wp-content\/uploads\/2021\/02\/spreitzer-dienstleistungen-header-800x319.jpg 800w, https:\/\/spreitzer.de\/wp-content\/uploads\/2021\/02\/spreitzer-dienstleistungen-header-1200x478.jpg 1200w\" sizes=\"(max-width: 1920px) 100vw, 1920px\" \/>\t\t\t\t\t\t\t\t\t\t\t\t\t\t\t<\/div>\n\t\t\t\t<\/div>\n\t\t\t\t<\/div>\n\t\t<div class=\"elementor-element elementor-element-3545e08 e-flex e-con-boxed e-con e-parent\" data-id=\"3545e08\" data-element_type=\"container\" data-e-type=\"container\" data-settings=\"{&quot;jet_parallax_layout_list&quot;:[],&quot;_ob_use_container_extras&quot;:&quot;no&quot;,&quot;_ob_column_hoveranimator&quot;:&quot;no&quot;,&quot;_ob_glider_is_slider&quot;:&quot;no&quot;,&quot;_ob_column_has_pseudo&quot;:&quot;no&quot;}\">\n\t\t\t\t\t<div class=\"e-con-inner\">\n\t\t\t\t<div class=\"elementor-element elementor-element-a78b12a ob-has-background-overlay elementor-widget elementor-widget-image\" data-id=\"a78b12a\" data-element_type=\"widget\" data-e-type=\"widget\" data-settings=\"{&quot;_ob_photomorph_use&quot;:&quot;no&quot;,&quot;_ob_perspektive_use&quot;:&quot;no&quot;,&quot;_ob_poopart_use&quot;:&quot;yes&quot;,&quot;_ob_shadough_use&quot;:&quot;no&quot;,&quot;_ob_allow_hoveranimator&quot;:&quot;no&quot;,&quot;_ob_widget_stalker_use&quot;:&quot;no&quot;}\" data-widget_type=\"image.default\">\n\t\t\t\t<div class=\"elementor-widget-container\">\n\t\t\t\t\t\t\t\t\t\t\t\t\t\t\t<img decoding=\"async\" width=\"100\" height=\"100\" src=\"https:\/\/spreitzer.de\/wp-content\/uploads\/2019\/12\/Icon-Dienstleistungen.png\" class=\"attachment-large size-large wp-image-49411\" alt=\"\" srcset=\"https:\/\/spreitzer.de\/wp-content\/uploads\/2019\/12\/Icon-Dienstleistungen.png 100w, https:\/\/spreitzer.de\/wp-content\/uploads\/2019\/12\/Icon-Dienstleistungen-66x66.png 66w\" sizes=\"(max-width: 100px) 100vw, 100px\" \/>\t\t\t\t\t\t\t\t\t\t\t\t\t\t\t<\/div>\n\t\t\t\t<\/div>\n\t\t<div class=\"elementor-element elementor-element-0b71753 e-con-full e-flex e-con e-child\" data-id=\"0b71753\" data-element_type=\"container\" data-e-type=\"container\" data-settings=\"{&quot;jet_parallax_layout_list&quot;:[],&quot;_ob_use_container_extras&quot;:&quot;no&quot;,&quot;_ob_column_hoveranimator&quot;:&quot;no&quot;,&quot;_ob_glider_is_slider&quot;:&quot;no&quot;,&quot;_ob_column_has_pseudo&quot;:&quot;no&quot;}\">\n\t\t\t\t<div class=\"elementor-element elementor-element-d20211b ob-harakiri-inherit ob-has-background-overlay elementor-widget elementor-widget-heading\" data-id=\"d20211b\" data-element_type=\"widget\" data-e-type=\"widget\" data-settings=\"{&quot;_ob_use_harakiri&quot;:&quot;yes&quot;,&quot;_ob_harakiri_writing_mode&quot;:&quot;inherit&quot;,&quot;_ob_harakiri_text_clip&quot;:&quot;none&quot;,&quot;_ob_perspektive_use&quot;:&quot;no&quot;,&quot;_ob_poopart_use&quot;:&quot;yes&quot;,&quot;_ob_shadough_use&quot;:&quot;no&quot;,&quot;_ob_allow_hoveranimator&quot;:&quot;no&quot;,&quot;_ob_widget_stalker_use&quot;:&quot;no&quot;}\" data-widget_type=\"heading.default\">\n\t\t\t\t<div class=\"elementor-widget-container\">\n\t\t\t\t\t<h1 class=\"elementor-heading-title elementor-size-default\">Servizi<\/h1>\t\t\t\t<\/div>\n\t\t\t\t<\/div>\n\t\t\t\t<\/div>\n\t\t<div class=\"elementor-element elementor-element-ba2430b e-con-full e-flex e-con e-child\" data-id=\"ba2430b\" data-element_type=\"container\" data-e-type=\"container\" data-settings=\"{&quot;jet_parallax_layout_list&quot;:[],&quot;_ob_use_container_extras&quot;:&quot;no&quot;,&quot;_ob_column_hoveranimator&quot;:&quot;no&quot;,&quot;_ob_glider_is_slider&quot;:&quot;no&quot;,&quot;_ob_column_has_pseudo&quot;:&quot;no&quot;}\">\n\t\t\t\t<div class=\"elementor-element elementor-element-9116ebf elementor-widget__width-initial elementor-widget-tablet_extra__width-initial ob-harakiri-inherit ob-has-background-overlay elementor-widget elementor-widget-text-editor\" data-id=\"9116ebf\" data-element_type=\"widget\" data-e-type=\"widget\" data-settings=\"{&quot;_ob_use_harakiri&quot;:&quot;yes&quot;,&quot;_ob_harakiri_writing_mode&quot;:&quot;inherit&quot;,&quot;_ob_postman_use&quot;:&quot;no&quot;,&quot;_ob_perspektive_use&quot;:&quot;no&quot;,&quot;_ob_poopart_use&quot;:&quot;yes&quot;,&quot;_ob_shadough_use&quot;:&quot;no&quot;,&quot;_ob_allow_hoveranimator&quot;:&quot;no&quot;,&quot;_ob_widget_stalker_use&quot;:&quot;no&quot;}\" data-widget_type=\"text-editor.default\">\n\t\t\t\t<div class=\"elementor-widget-container\">\n\t\t\t\t\t\t\t\t\t<p class=\"fusion-responsive-typography-calculated\" data-fontsize=\"17\" data-lineheight=\"23.97px\">Offriamo la nitrurazione al plasma di pezzi o grezzi e la produzione a contratto CNC: siamo pronti a soddisfare le tue richieste.<\/p>\n\t\t\t\t\t\t\t\t<\/div>\n\t\t\t\t<\/div>\n\t\t\t\t<\/div>\n\t\t\t\t\t<\/div>\n\t\t\t\t<\/div>\n\t\t<div data-dce-background-image-url=\"https:\/\/spreitzer.de\/wp-content\/uploads\/2019\/12\/Spreitzer-Spanntechnik-Gosheim-Bildgrafik-Counter.jpg\" class=\"elementor-element elementor-element-18f5264 e-flex e-con-boxed e-con e-parent\" data-id=\"18f5264\" data-element_type=\"container\" data-e-type=\"container\" data-settings=\"{&quot;jet_parallax_layout_list&quot;:[],&quot;background_background&quot;:&quot;classic&quot;,&quot;_ob_use_container_extras&quot;:&quot;no&quot;,&quot;_ob_column_hoveranimator&quot;:&quot;no&quot;,&quot;_ob_glider_is_slider&quot;:&quot;no&quot;,&quot;_ob_column_has_pseudo&quot;:&quot;no&quot;}\">\n\t\t\t\t\t<div class=\"e-con-inner\">\n\t\t<div class=\"elementor-element elementor-element-5011a44 e-con-full e-flex e-con e-child\" data-id=\"5011a44\" data-element_type=\"container\" data-e-type=\"container\" data-settings=\"{&quot;background_background&quot;:&quot;classic&quot;,&quot;jet_parallax_layout_list&quot;:[],&quot;_ob_use_container_extras&quot;:&quot;no&quot;,&quot;_ob_column_hoveranimator&quot;:&quot;no&quot;,&quot;_ob_glider_is_slider&quot;:&quot;no&quot;,&quot;_ob_column_has_pseudo&quot;:&quot;no&quot;}\">\n\t\t\t\t<div class=\"elementor-element elementor-element-fc2c7c6 ob-has-background-overlay elementor-widget elementor-widget-image\" data-id=\"fc2c7c6\" data-element_type=\"widget\" data-e-type=\"widget\" data-settings=\"{&quot;_ob_photomorph_use&quot;:&quot;no&quot;,&quot;_ob_perspektive_use&quot;:&quot;no&quot;,&quot;_ob_poopart_use&quot;:&quot;yes&quot;,&quot;_ob_shadough_use&quot;:&quot;no&quot;,&quot;_ob_allow_hoveranimator&quot;:&quot;no&quot;,&quot;_ob_widget_stalker_use&quot;:&quot;no&quot;}\" data-widget_type=\"image.default\">\n\t\t\t\t<div class=\"elementor-widget-container\">\n\t\t\t\t\t\t\t\t\t\t\t\t\t\t\t<img decoding=\"async\" width=\"301\" height=\"300\" src=\"https:\/\/spreitzer.de\/wp-content\/uploads\/2021\/02\/spreitzer-dienstleistungen-plasmanitrieren-pk-bild.jpg\" class=\"attachment-large size-large wp-image-49924\" alt=\"\" srcset=\"https:\/\/spreitzer.de\/wp-content\/uploads\/2021\/02\/spreitzer-dienstleistungen-plasmanitrieren-pk-bild.jpg 301w, https:\/\/spreitzer.de\/wp-content\/uploads\/2021\/02\/spreitzer-dienstleistungen-plasmanitrieren-pk-bild-150x150.jpg 150w, https:\/\/spreitzer.de\/wp-content\/uploads\/2021\/02\/spreitzer-dienstleistungen-plasmanitrieren-pk-bild-66x66.jpg 66w, https:\/\/spreitzer.de\/wp-content\/uploads\/2021\/02\/spreitzer-dienstleistungen-plasmanitrieren-pk-bild-200x199.jpg 200w\" sizes=\"(max-width: 301px) 100vw, 301px\" \/>\t\t\t\t\t\t\t\t\t\t\t\t\t\t\t<\/div>\n\t\t\t\t<\/div>\n\t\t\t\t<div class=\"elementor-element elementor-element-6e1ae60 ob-harakiri-inherit ob-has-background-overlay elementor-widget elementor-widget-heading\" data-id=\"6e1ae60\" data-element_type=\"widget\" data-e-type=\"widget\" data-settings=\"{&quot;_ob_use_harakiri&quot;:&quot;yes&quot;,&quot;_ob_harakiri_writing_mode&quot;:&quot;inherit&quot;,&quot;_ob_harakiri_text_clip&quot;:&quot;none&quot;,&quot;_ob_perspektive_use&quot;:&quot;no&quot;,&quot;_ob_poopart_use&quot;:&quot;yes&quot;,&quot;_ob_shadough_use&quot;:&quot;no&quot;,&quot;_ob_allow_hoveranimator&quot;:&quot;no&quot;,&quot;_ob_widget_stalker_use&quot;:&quot;no&quot;}\" data-widget_type=\"heading.default\">\n\t\t\t\t<div class=\"elementor-widget-container\">\n\t\t\t\t\t<h3 class=\"elementor-heading-title elementor-size-default\">Nitrurazione al plasma<\/h3>\t\t\t\t<\/div>\n\t\t\t\t<\/div>\n\t\t\t\t<div class=\"elementor-element elementor-element-0978e70 elementor-align-center ob-has-background-overlay elementor-widget elementor-widget-button\" data-id=\"0978e70\" data-element_type=\"widget\" data-e-type=\"widget\" data-settings=\"{&quot;_ob_butterbutton_use_it&quot;:&quot;no&quot;,&quot;_ob_perspektive_use&quot;:&quot;no&quot;,&quot;_ob_poopart_use&quot;:&quot;yes&quot;,&quot;_ob_shadough_use&quot;:&quot;no&quot;,&quot;_ob_allow_hoveranimator&quot;:&quot;no&quot;,&quot;_ob_widget_stalker_use&quot;:&quot;no&quot;}\" data-widget_type=\"button.default\">\n\t\t\t\t<div class=\"elementor-widget-container\">\n\t\t\t\t\t\t\t\t\t<div class=\"elementor-button-wrapper\">\n\t\t\t\t\t<a class=\"elementor-button elementor-button-link elementor-size-sm\" href=\"https:\/\/spreitzer.de\/it\/servizi\/nitrurazione-al-plasma-tecnologia-di-nitrurazione-al-plasma\/\">\n\t\t\t\t\t\t<span class=\"elementor-button-content-wrapper\">\n\t\t\t\t\t\t\t\t\t<span class=\"elementor-button-text\">Ulteriori informazioni<\/span>\n\t\t\t\t\t<\/span>\n\t\t\t\t\t<\/a>\n\t\t\t\t<\/div>\n\t\t\t\t\t\t\t\t<\/div>\n\t\t\t\t<\/div>\n\t\t\t\t<\/div>\n\t\t<div class=\"elementor-element elementor-element-672179c e-con-full e-flex e-con e-child\" data-id=\"672179c\" data-element_type=\"container\" data-e-type=\"container\" data-settings=\"{&quot;background_background&quot;:&quot;classic&quot;,&quot;jet_parallax_layout_list&quot;:[],&quot;_ob_use_container_extras&quot;:&quot;no&quot;,&quot;_ob_column_hoveranimator&quot;:&quot;no&quot;,&quot;_ob_glider_is_slider&quot;:&quot;no&quot;,&quot;_ob_column_has_pseudo&quot;:&quot;no&quot;}\">\n\t\t\t\t<div class=\"elementor-element elementor-element-aa275b0 elementor-widget__width-initial ob-has-background-overlay elementor-widget elementor-widget-image\" data-id=\"aa275b0\" data-element_type=\"widget\" data-e-type=\"widget\" data-settings=\"{&quot;_ob_photomorph_use&quot;:&quot;no&quot;,&quot;_ob_perspektive_use&quot;:&quot;no&quot;,&quot;_ob_poopart_use&quot;:&quot;yes&quot;,&quot;_ob_shadough_use&quot;:&quot;no&quot;,&quot;_ob_allow_hoveranimator&quot;:&quot;no&quot;,&quot;_ob_widget_stalker_use&quot;:&quot;no&quot;}\" data-widget_type=\"image.default\">\n\t\t\t\t<div class=\"elementor-widget-container\">\n\t\t\t\t\t\t\t\t\t\t\t\t\t\t\t<img loading=\"lazy\" decoding=\"async\" width=\"301\" height=\"300\" src=\"https:\/\/spreitzer.de\/wp-content\/uploads\/2021\/02\/spreitzer-dienstleistungen-cnc-lohnfertigung-pk-bild.jpg\" class=\"attachment-large size-large wp-image-49927\" alt=\"\" srcset=\"https:\/\/spreitzer.de\/wp-content\/uploads\/2021\/02\/spreitzer-dienstleistungen-cnc-lohnfertigung-pk-bild.jpg 301w, https:\/\/spreitzer.de\/wp-content\/uploads\/2021\/02\/spreitzer-dienstleistungen-cnc-lohnfertigung-pk-bild-150x150.jpg 150w, https:\/\/spreitzer.de\/wp-content\/uploads\/2021\/02\/spreitzer-dienstleistungen-cnc-lohnfertigung-pk-bild-66x66.jpg 66w, https:\/\/spreitzer.de\/wp-content\/uploads\/2021\/02\/spreitzer-dienstleistungen-cnc-lohnfertigung-pk-bild-200x199.jpg 200w\" sizes=\"(max-width: 301px) 100vw, 301px\" \/>\t\t\t\t\t\t\t\t\t\t\t\t\t\t\t<\/div>\n\t\t\t\t<\/div>\n\t\t\t\t<div class=\"elementor-element elementor-element-df67d5f ob-harakiri-inherit ob-has-background-overlay elementor-widget elementor-widget-heading\" data-id=\"df67d5f\" data-element_type=\"widget\" data-e-type=\"widget\" data-settings=\"{&quot;_ob_use_harakiri&quot;:&quot;yes&quot;,&quot;_ob_harakiri_writing_mode&quot;:&quot;inherit&quot;,&quot;_ob_harakiri_text_clip&quot;:&quot;none&quot;,&quot;_ob_perspektive_use&quot;:&quot;no&quot;,&quot;_ob_poopart_use&quot;:&quot;yes&quot;,&quot;_ob_shadough_use&quot;:&quot;no&quot;,&quot;_ob_allow_hoveranimator&quot;:&quot;no&quot;,&quot;_ob_widget_stalker_use&quot;:&quot;no&quot;}\" data-widget_type=\"heading.default\">\n\t\t\t\t<div class=\"elementor-widget-container\">\n\t\t\t\t\t<h3 class=\"elementor-heading-title elementor-size-default\">Produzione a contratto CNC<\/h3>\t\t\t\t<\/div>\n\t\t\t\t<\/div>\n\t\t\t\t<div class=\"elementor-element elementor-element-be639fb elementor-align-center ob-has-background-overlay elementor-widget elementor-widget-button\" data-id=\"be639fb\" data-element_type=\"widget\" data-e-type=\"widget\" data-settings=\"{&quot;_ob_butterbutton_use_it&quot;:&quot;no&quot;,&quot;_ob_perspektive_use&quot;:&quot;no&quot;,&quot;_ob_poopart_use&quot;:&quot;yes&quot;,&quot;_ob_shadough_use&quot;:&quot;no&quot;,&quot;_ob_allow_hoveranimator&quot;:&quot;no&quot;,&quot;_ob_widget_stalker_use&quot;:&quot;no&quot;}\" data-widget_type=\"button.default\">\n\t\t\t\t<div class=\"elementor-widget-container\">\n\t\t\t\t\t\t\t\t\t<div class=\"elementor-button-wrapper\">\n\t\t\t\t\t<a class=\"elementor-button elementor-button-link elementor-size-sm\" href=\"https:\/\/spreitzer.de\/it\/servizi\/produzione-a-contratto-cnc-fresatura-tornitura-rettifica-foratura-ecc\/\">\n\t\t\t\t\t\t<span class=\"elementor-button-content-wrapper\">\n\t\t\t\t\t\t\t\t\t<span class=\"elementor-button-text\">Ulteriori informazioni<\/span>\n\t\t\t\t\t<\/span>\n\t\t\t\t\t<\/a>\n\t\t\t\t<\/div>\n\t\t\t\t\t\t\t\t<\/div>\n\t\t\t\t<\/div>\n\t\t\t\t<\/div>\n\t\t\t\t\t<\/div>\n\t\t\t\t<\/div>\n\t\t<div class=\"elementor-element elementor-element-9004b70 e-con-full e-flex e-con e-parent\" data-id=\"9004b70\" data-element_type=\"container\" data-e-type=\"container\" data-settings=\"{&quot;jet_parallax_layout_list&quot;:[],&quot;_ob_use_container_extras&quot;:&quot;no&quot;,&quot;_ob_column_hoveranimator&quot;:&quot;no&quot;,&quot;_ob_glider_is_slider&quot;:&quot;no&quot;,&quot;_ob_column_has_pseudo&quot;:&quot;no&quot;}\">\n\t\t\t\t<div class=\"elementor-element elementor-element-2844a6c elementor-cta--skin-classic elementor-animated-content elementor-bg-transform elementor-bg-transform-zoom-in ob-has-background-overlay elementor-widget elementor-widget-global elementor-global-46462 elementor-global-35897 elementor-widget-call-to-action\" data-id=\"2844a6c\" data-element_type=\"widget\" data-e-type=\"widget\" data-settings=\"{&quot;_ob_perspektive_use&quot;:&quot;no&quot;,&quot;_ob_poopart_use&quot;:&quot;yes&quot;,&quot;_ob_shadough_use&quot;:&quot;no&quot;,&quot;_ob_allow_hoveranimator&quot;:&quot;no&quot;,&quot;_ob_widget_stalker_use&quot;:&quot;no&quot;}\" data-widget_type=\"call-to-action.default\">\n\t\t\t\t<div class=\"elementor-widget-container\">\n\t\t\t\t\t\t\t<div class=\"elementor-cta\">\n\t\t\t\t\t\t\t<div class=\"elementor-cta__content\">\n\t\t\t\t\t\t\t\t\t<div class=\"elementor-content-item elementor-cta__content-item elementor-cta__image\">\n\t\t\t\t\t\t<img loading=\"lazy\" decoding=\"async\" width=\"100\" height=\"100\" src=\"https:\/\/spreitzer.de\/wp-content\/uploads\/2019\/12\/Icon-Rat-und-Tat.png\" class=\"attachment-thumbnail size-thumbnail wp-image-13694\" alt=\"Spreitzer Gosheim Rat und Tat Icon\" srcset=\"https:\/\/spreitzer.de\/wp-content\/uploads\/2019\/12\/Icon-Rat-und-Tat.png 100w, https:\/\/spreitzer.de\/wp-content\/uploads\/2019\/12\/Icon-Rat-und-Tat-66x66.png 66w\" sizes=\"(max-width: 100px) 100vw, 100px\">\t\t\t\t\t<\/div>\n\t\t\t\t\n\t\t\t\t\t\t\t\t\t<h2 class=\"elementor-cta__title elementor-cta__content-item elementor-content-item\">\n\t\t\t\t\t\tSiamo al tuo fianco con aiuto e consigli\t\t\t\t\t<\/h2>\n\t\t\t\t\n\t\t\t\t\t\t\t\t\t<div class=\"elementor-cta__description elementor-cta__content-item elementor-content-item\">\n\t\t\t\t\t\t<p>Gli sviluppi e i progetti vengono eseguiti su moderne e potenti postazioni CAD 3D per ridurre il tempo necessario al lavoro di routine. In questo modo \u00e8 possibile dedicare pi\u00f9 tempo alle attivit\u00e0 creative di un progetto. In particolare, per i clienti che realizzano progetti personalizzati, lavorare con il sistema CAD significa accedere rapidamente ai disegni di progettazione e costruzione grazie allo scambio di dati senza problemi attraverso tutti i formati di dati pi\u00f9 comuni.  <\/p>\n\t\t\t\t\t<\/div>\n\t\t\t\t\n\t\t\t\t\t\t\t\t\t<div class=\"elementor-cta__button-wrapper elementor-cta__content-item elementor-content-item \">\n\t\t\t\t\t<a class=\"elementor-cta__button elementor-button elementor-size-\" href=\"https:\/\/spreitzer.de\/unsere-loesungen\/\">\n\t\t\t\t\t\tAlle nostre soluzioni\t\t\t\t\t<\/a>\n\t\t\t\t\t<\/div>\n\t\t\t\t\t\t\t<\/div>\n\t\t\t\t\t\t<\/div>\n\t\t\t\t\t\t<\/div>\n\t\t\t\t<\/div>\n\t\t\t\t<\/div>\n\t\t<div class=\"elementor-element elementor-element-c737d29 e-con-full e-flex e-con e-parent\" data-id=\"c737d29\" data-element_type=\"container\" data-e-type=\"container\" data-settings=\"{&quot;jet_parallax_layout_list&quot;:[],&quot;_ob_use_container_extras&quot;:&quot;no&quot;,&quot;_ob_column_hoveranimator&quot;:&quot;no&quot;,&quot;_ob_glider_is_slider&quot;:&quot;no&quot;,&quot;_ob_column_has_pseudo&quot;:&quot;no&quot;}\">\n\t\t<div data-dce-background-image-url=\"https:\/\/spreitzer.de\/wp-content\/uploads\/2021\/02\/spreitzer-dienstleistungen-footer-bild.jpg\" class=\"elementor-element elementor-element-83879c1 e-con-full e-flex e-con e-child\" data-id=\"83879c1\" data-element_type=\"container\" data-e-type=\"container\" data-settings=\"{&quot;jet_parallax_layout_list&quot;:[],&quot;background_background&quot;:&quot;classic&quot;,&quot;_ob_use_container_extras&quot;:&quot;no&quot;,&quot;_ob_column_hoveranimator&quot;:&quot;no&quot;,&quot;_ob_glider_is_slider&quot;:&quot;no&quot;,&quot;_ob_column_has_pseudo&quot;:&quot;no&quot;}\">\n\t\t\t\t<\/div>\n\t\t\t\t<div class=\"elementor-element elementor-element-35436 elementor-cta--layout-image-left elementor-cta--valign-middle elementor-cta--mobile-layout-image-above elementor-cta--mobile_extra-layout-image-left elementor-cta--skin-classic elementor-animated-content ob-has-background-overlay elementor-widget elementor-widget-global elementor-global-46490 elementor-global-35436 elementor-widget-call-to-action\" data-id=\"35436\" data-element_type=\"widget\" data-e-type=\"widget\" data-settings=\"{&quot;_ob_perspektive_use&quot;:&quot;no&quot;,&quot;_ob_poopart_use&quot;:&quot;yes&quot;,&quot;_ob_shadough_use&quot;:&quot;no&quot;,&quot;_ob_allow_hoveranimator&quot;:&quot;no&quot;,&quot;_ob_widget_stalker_use&quot;:&quot;no&quot;}\" data-widget_type=\"call-to-action.default\">\n\t\t\t\t<div class=\"elementor-widget-container\">\n\t\t\t\t\t\t\t<div class=\"elementor-cta\">\n\t\t\t\t\t<div class=\"elementor-cta__bg-wrapper\">\n\t\t\t\t<div class=\"elementor-cta__bg elementor-bg\" style=\"background-image: url(https:\/\/spreitzer.de\/wp-content\/uploads\/2019\/12\/Spreitzer-Spanntechnik-Gosheim-Loesungen-Spanntechnik-Kontakt.jpg);\" role=\"img\" aria-label=\"Spreitzer Gosheim Spanntechnik L\u00f6sungen\"><\/div>\n\t\t\t\t<div class=\"elementor-cta__bg-overlay\"><\/div>\n\t\t\t<\/div>\n\t\t\t\t\t\t\t<div class=\"elementor-cta__content\">\n\t\t\t\t\t\t\t\t\t<div class=\"elementor-content-item elementor-cta__content-item elementor-cta__image\">\n\t\t\t\t\t\t<img loading=\"lazy\" decoding=\"async\" width=\"100\" height=\"100\" src=\"https:\/\/spreitzer.de\/wp-content\/uploads\/2019\/12\/Icon-Telefonhoerer.png\" class=\"attachment-thumbnail size-thumbnail wp-image-13699\" alt=\"Spreitzer Gosheim Telefonh\u00f6rer Icon\" srcset=\"https:\/\/spreitzer.de\/wp-content\/uploads\/2019\/12\/Icon-Telefonhoerer.png 100w, https:\/\/spreitzer.de\/wp-content\/uploads\/2019\/12\/Icon-Telefonhoerer-66x66.png 66w\" sizes=\"(max-width: 100px) 100vw, 100px\">\t\t\t\t\t<\/div>\n\t\t\t\t\n\t\t\t\t\t\t\t\t\t<h2 class=\"elementor-cta__title elementor-cta__content-item elementor-content-item\">\n\t\t\t\t\t\tCosa possiamo fare per te?\t\t\t\t\t<\/h2>\n\t\t\t\t\n\t\t\t\t\t\t\t\t\t<div class=\"elementor-cta__description elementor-cta__content-item elementor-content-item\">\n\t\t\t\t\t\t<p>Riduci i costi di produzione. Attivit\u00e0 di misurazione risolte con precisione in pochi secondi. <\/p>\n\t\t\t\t\t<\/div>\n\t\t\t\t\n\t\t\t\t\t\t\t\t\t<div class=\"elementor-cta__button-wrapper elementor-cta__content-item elementor-content-item \">\n\t\t\t\t\t<a class=\"elementor-cta__button elementor-button elementor-size-\" href=\"https:\/\/spreitzer.de\/kontakt\/\">\n\t\t\t\t\t\tContattaci\t\t\t\t\t<\/a>\n\t\t\t\t\t<\/div>\n\t\t\t\t\t\t\t<\/div>\n\t\t\t\t\t\t<\/div>\n\t\t\t\t\t\t<\/div>\n\t\t\t\t<\/div>\n\t\t\t\t<\/div>\n\t\t\t\t<\/div>\n\t\t","protected":false},"excerpt":{"rendered":"<p>Servizi Offriamo la nitrurazione al plasma di pezzi o grezzi e la produzione a contratto CNC: siamo pronti a soddisfare le tue richieste. Nitrurazione al plasma Ulteriori informazioni Produzione a contratto CNC Ulteriori informazioni Wir stehen Ihnen mit Rat und Tat zur Seite Die Entwicklungen und Konstruktionen werden an modernen und leistungsf\u00e4higen 3D-CAD-Arbeitspl\u00e4tzen durchgef\u00fchrt, um [&hellip;]<\/p>\n","protected":false},"author":14,"featured_media":0,"parent":0,"menu_order":500,"comment_status":"closed","ping_status":"closed","template":"","meta":{"footnotes":""},"class_list":["post-46997","page","type-page","status-publish","hentry"],"_links":{"self":[{"href":"https:\/\/spreitzer.de\/it\/wp-json\/wp\/v2\/pages\/46997","targetHints":{"allow":["GET"]}}],"collection":[{"href":"https:\/\/spreitzer.de\/it\/wp-json\/wp\/v2\/pages"}],"about":[{"href":"https:\/\/spreitzer.de\/it\/wp-json\/wp\/v2\/types\/page"}],"author":[{"embeddable":true,"href":"https:\/\/spreitzer.de\/it\/wp-json\/wp\/v2\/users\/14"}],"replies":[{"embeddable":true,"href":"https:\/\/spreitzer.de\/it\/wp-json\/wp\/v2\/comments?post=46997"}],"version-history":[{"count":1,"href":"https:\/\/spreitzer.de\/it\/wp-json\/wp\/v2\/pages\/46997\/revisions"}],"predecessor-version":[{"id":47020,"href":"https:\/\/spreitzer.de\/it\/wp-json\/wp\/v2\/pages\/46997\/revisions\/47020"}],"wp:attachment":[{"href":"https:\/\/spreitzer.de\/it\/wp-json\/wp\/v2\/media?parent=46997"}],"curies":[{"name":"wp","href":"https:\/\/api.w.org\/{rel}","templated":true}]}}