{"id":46662,"date":"2022-05-17T10:59:49","date_gmt":"2022-05-17T08:59:49","guid":{"rendered":"https:\/\/spreitzer.de\/grazie-per-il-tuo-feedback\/"},"modified":"2025-01-23T15:30:37","modified_gmt":"2025-01-23T14:30:37","slug":"grazie-per-il-tuo-feedback","status":"publish","type":"page","link":"https:\/\/spreitzer.de\/it\/grazie-per-il-tuo-feedback\/","title":{"rendered":"Grazie per il tuo feedback"},"content":{"rendered":"\t\t<div data-elementor-type=\"wp-page\" data-elementor-id=\"46662\" class=\"elementor elementor-46662 elementor-31625\" data-elementor-post-type=\"page\">\n\t\t\t\t<div class=\"elementor-element elementor-element-55e6390 e-flex e-con-boxed e-con e-parent\" data-id=\"55e6390\" data-element_type=\"container\" data-e-type=\"container\" data-settings=\"{&quot;jet_parallax_layout_list&quot;:[],&quot;_ob_use_container_extras&quot;:&quot;no&quot;,&quot;_ob_column_hoveranimator&quot;:&quot;no&quot;,&quot;_ob_glider_is_slider&quot;:&quot;no&quot;,&quot;_ob_column_has_pseudo&quot;:&quot;no&quot;}\">\n\t\t\t\t\t<div class=\"e-con-inner\">\n\t\t<div class=\"elementor-element elementor-element-86c58b4 e-con-full e-flex e-con e-child\" data-id=\"86c58b4\" data-element_type=\"container\" data-e-type=\"container\" data-settings=\"{&quot;jet_parallax_layout_list&quot;:[],&quot;_ob_use_container_extras&quot;:&quot;no&quot;,&quot;_ob_column_hoveranimator&quot;:&quot;no&quot;,&quot;_ob_glider_is_slider&quot;:&quot;no&quot;,&quot;_ob_column_has_pseudo&quot;:&quot;no&quot;}\">\n\t\t\t\t<div class=\"elementor-element elementor-element-ad62e6f ob-has-background-overlay elementor-widget elementor-widget-image\" data-id=\"ad62e6f\" data-element_type=\"widget\" data-e-type=\"widget\" data-settings=\"{&quot;_ob_photomorph_use&quot;:&quot;no&quot;,&quot;_ob_perspektive_use&quot;:&quot;no&quot;,&quot;_ob_poopart_use&quot;:&quot;yes&quot;,&quot;_ob_shadough_use&quot;:&quot;no&quot;,&quot;_ob_allow_hoveranimator&quot;:&quot;no&quot;,&quot;_ob_widget_stalker_use&quot;:&quot;no&quot;}\" data-widget_type=\"image.default\">\n\t\t\t\t<div class=\"elementor-widget-container\">\n\t\t\t\t\t\t\t\t\t\t\t\t\t\t\t<img fetchpriority=\"high\" decoding=\"async\" width=\"800\" height=\"153\" src=\"https:\/\/spreitzer.de\/wp-content\/uploads\/2024\/06\/Spreitzer_Logo_2025-1.svg\" class=\"attachment-large size-large wp-image-51610\" alt=\"\" \/>\t\t\t\t\t\t\t\t\t\t\t\t\t\t\t<\/div>\n\t\t\t\t<\/div>\n\t\t\t\t<div class=\"elementor-element elementor-element-8b1b4b4 ob-harakiri-inherit ob-has-background-overlay elementor-widget elementor-widget-text-editor\" data-id=\"8b1b4b4\" data-element_type=\"widget\" data-e-type=\"widget\" data-settings=\"{&quot;_ob_use_harakiri&quot;:&quot;yes&quot;,&quot;_ob_harakiri_writing_mode&quot;:&quot;inherit&quot;,&quot;_ob_postman_use&quot;:&quot;no&quot;,&quot;_ob_perspektive_use&quot;:&quot;no&quot;,&quot;_ob_poopart_use&quot;:&quot;yes&quot;,&quot;_ob_shadough_use&quot;:&quot;no&quot;,&quot;_ob_allow_hoveranimator&quot;:&quot;no&quot;,&quot;_ob_widget_stalker_use&quot;:&quot;no&quot;}\" data-widget_type=\"text-editor.default\">\n\t\t\t\t<div class=\"elementor-widget-container\">\n\t\t\t\t\t\t\t\t\t<div class=\"fusion-text fusion-text-1\">\n<p>S<strong>PREITZER GmbH &amp; Co KG<\/strong> Br\u00fccklestr. 21 78559 Gosheim Baden-W\u00fcrttemberg Germania <\/p>\n<p>Telefono +49 (0) 74 26 &#8211; 94 75 0 Fax +49 (0) 74 26 &#8211; 94 75 20<a href=\"mailto:info@spreitzer.de\">info@spreitzer.de<\/a><\/p>\n<\/div>\n<div class=\"fusion-text fusion-text-2\">\n<p><strong>vendita<\/strong><br \/><a href=\"mailto:info@spreitzer.de\">info@spreitzer.de<\/a><\/p>\n<p><strong>Amministrazione | Contabilit\u00e0<\/strong><br \/><a href=\"mailto:office@spreitzer.de\">office@spreitzer.de<\/a><\/p>\n<p><strong>Acquisti<\/strong><br \/><a href=\"mailto:einkauf@spreitzer.de\">einkauf@spreitzer.de<\/a><\/p>\n<\/div>\n<div class=\"fusion-text fusion-text-3\">\n<p>O<strong>rari di apertura<\/strong> luned\u00ec &#8211; venerd\u00ec 07.30 &#8211; 12.00 13.00 &#8211; 17.00<\/p>\n<\/div>\n\t\t\t\t\t\t\t\t<\/div>\n\t\t\t\t<\/div>\n\t\t\t\t<\/div>\n\t\t<div class=\"elementor-element elementor-element-bc6f713 e-con-full e-flex e-con e-child\" data-id=\"bc6f713\" data-element_type=\"container\" data-e-type=\"container\" data-settings=\"{&quot;jet_parallax_layout_list&quot;:[],&quot;_ob_use_container_extras&quot;:&quot;no&quot;,&quot;_ob_column_hoveranimator&quot;:&quot;no&quot;,&quot;_ob_glider_is_slider&quot;:&quot;no&quot;,&quot;_ob_column_has_pseudo&quot;:&quot;no&quot;}\">\n\t\t\t\t<div class=\"elementor-element elementor-element-9449cb4 ob-harakiri-inherit ob-has-background-overlay elementor-widget elementor-widget-heading\" data-id=\"9449cb4\" data-element_type=\"widget\" data-e-type=\"widget\" data-settings=\"{&quot;_ob_use_harakiri&quot;:&quot;yes&quot;,&quot;_ob_harakiri_writing_mode&quot;:&quot;inherit&quot;,&quot;_ob_harakiri_text_clip&quot;:&quot;none&quot;,&quot;_ob_perspektive_use&quot;:&quot;no&quot;,&quot;_ob_poopart_use&quot;:&quot;yes&quot;,&quot;_ob_shadough_use&quot;:&quot;no&quot;,&quot;_ob_allow_hoveranimator&quot;:&quot;no&quot;,&quot;_ob_widget_stalker_use&quot;:&quot;no&quot;}\" data-widget_type=\"heading.default\">\n\t\t\t\t<div class=\"elementor-widget-container\">\n\t\t\t\t\t<h2 class=\"elementor-heading-title elementor-size-default\">Grazie per il tuo feedback!<\/h2>\t\t\t\t<\/div>\n\t\t\t\t<\/div>\n\t\t\t\t<div class=\"elementor-element elementor-element-a4de631 ob-harakiri-inherit ob-has-background-overlay elementor-widget elementor-widget-text-editor\" data-id=\"a4de631\" data-element_type=\"widget\" data-e-type=\"widget\" data-settings=\"{&quot;_ob_use_harakiri&quot;:&quot;yes&quot;,&quot;_ob_harakiri_writing_mode&quot;:&quot;inherit&quot;,&quot;_ob_postman_use&quot;:&quot;no&quot;,&quot;_ob_perspektive_use&quot;:&quot;no&quot;,&quot;_ob_poopart_use&quot;:&quot;yes&quot;,&quot;_ob_shadough_use&quot;:&quot;no&quot;,&quot;_ob_allow_hoveranimator&quot;:&quot;no&quot;,&quot;_ob_widget_stalker_use&quot;:&quot;no&quot;}\" data-widget_type=\"text-editor.default\">\n\t\t\t\t<div class=\"elementor-widget-container\">\n\t\t\t\t\t\t\t\t\t<p>Abbiamo ricevuto il tuo feedback.<\/p>\n<p>Riceverai una conferma via e-mail.<\/p>\n\t\t\t\t\t\t\t\t<\/div>\n\t\t\t\t<\/div>\n\t\t\t\t<div class=\"elementor-element elementor-element-4ee094f ob-has-background-overlay elementor-widget elementor-widget-button\" data-id=\"4ee094f\" data-element_type=\"widget\" data-e-type=\"widget\" data-settings=\"{&quot;_ob_butterbutton_use_it&quot;:&quot;no&quot;,&quot;_ob_perspektive_use&quot;:&quot;no&quot;,&quot;_ob_poopart_use&quot;:&quot;yes&quot;,&quot;_ob_shadough_use&quot;:&quot;no&quot;,&quot;_ob_allow_hoveranimator&quot;:&quot;no&quot;,&quot;_ob_widget_stalker_use&quot;:&quot;no&quot;}\" data-widget_type=\"button.default\">\n\t\t\t\t<div class=\"elementor-widget-container\">\n\t\t\t\t\t\t\t\t\t<div class=\"elementor-button-wrapper\">\n\t\t\t\t\t<a class=\"elementor-button elementor-button-link elementor-size-sm\" href=\"https:\/\/spreitzer.de\/it\/\">\n\t\t\t\t\t\t<span class=\"elementor-button-content-wrapper\">\n\t\t\t\t\t\t\t\t\t<span class=\"elementor-button-text\">torna alla homepage<\/span>\n\t\t\t\t\t<\/span>\n\t\t\t\t\t<\/a>\n\t\t\t\t<\/div>\n\t\t\t\t\t\t\t\t<\/div>\n\t\t\t\t<\/div>\n\t\t\t\t<\/div>\n\t\t\t\t\t<\/div>\n\t\t\t\t<\/div>\n\t\t\t\t<\/div>\n\t\t","protected":false},"excerpt":{"rendered":"<p>SPREITZER GmbH &amp; Co KG Br\u00fccklestr. 21 78559 Gosheim Baden-W\u00fcrttemberg Germania Telefono +49 (0) 74 26 &#8211; 94 75 0 Fax +49 (0) 74 26 &#8211; 94 75 20info@spreitzer.de venditainfo@spreitzer.de Amministrazione | Contabilit\u00e0office@spreitzer.de Acquistieinkauf@spreitzer.de Orari di apertura luned\u00ec &#8211; venerd\u00ec 07.30 &#8211; 12.00 13.00 &#8211; 17.00 Grazie per il tuo feedback! Abbiamo ricevuto il tuo [&hellip;]<\/p>\n","protected":false},"author":14,"featured_media":0,"parent":0,"menu_order":2150,"comment_status":"closed","ping_status":"closed","template":"","meta":{"footnotes":""},"class_list":["post-46662","page","type-page","status-publish","hentry"],"_links":{"self":[{"href":"https:\/\/spreitzer.de\/it\/wp-json\/wp\/v2\/pages\/46662","targetHints":{"allow":["GET"]}}],"collection":[{"href":"https:\/\/spreitzer.de\/it\/wp-json\/wp\/v2\/pages"}],"about":[{"href":"https:\/\/spreitzer.de\/it\/wp-json\/wp\/v2\/types\/page"}],"author":[{"embeddable":true,"href":"https:\/\/spreitzer.de\/it\/wp-json\/wp\/v2\/users\/14"}],"replies":[{"embeddable":true,"href":"https:\/\/spreitzer.de\/it\/wp-json\/wp\/v2\/comments?post=46662"}],"version-history":[{"count":1,"href":"https:\/\/spreitzer.de\/it\/wp-json\/wp\/v2\/pages\/46662\/revisions"}],"predecessor-version":[{"id":46665,"href":"https:\/\/spreitzer.de\/it\/wp-json\/wp\/v2\/pages\/46662\/revisions\/46665"}],"wp:attachment":[{"href":"https:\/\/spreitzer.de\/it\/wp-json\/wp\/v2\/media?parent=46662"}],"curies":[{"name":"wp","href":"https:\/\/api.w.org\/{rel}","templated":true}]}}