{"id":46358,"date":"2018-06-08T22:48:59","date_gmt":"2018-06-08T20:48:59","guid":{"rendered":"https:\/\/spreitzer.de\/ultime-notizie\/"},"modified":"2025-01-23T15:24:43","modified_gmt":"2025-01-23T14:24:43","slug":"ultime-notizie","status":"publish","type":"page","link":"https:\/\/spreitzer.de\/it\/ultime-notizie\/","title":{"rendered":"Ultime notizie"},"content":{"rendered":"\t\t<div data-elementor-type=\"wp-page\" data-elementor-id=\"46358\" class=\"elementor elementor-46358 elementor-11928\" data-elementor-post-type=\"page\">\n\t\t\t\t<div class=\"elementor-element elementor-element-d52067a e-flex e-con-boxed e-con e-parent\" data-id=\"d52067a\" data-element_type=\"container\" data-e-type=\"container\" data-settings=\"{&quot;jet_parallax_layout_list&quot;:[],&quot;_ob_use_container_extras&quot;:&quot;no&quot;,&quot;_ob_column_hoveranimator&quot;:&quot;no&quot;,&quot;_ob_glider_is_slider&quot;:&quot;no&quot;,&quot;_ob_column_has_pseudo&quot;:&quot;no&quot;}\">\n\t\t\t\t\t<div class=\"e-con-inner\">\n\t\t\t\t<div class=\"elementor-element elementor-element-5263ef4 ob-has-background-overlay elementor-widget elementor-widget-image\" data-id=\"5263ef4\" data-element_type=\"widget\" data-e-type=\"widget\" data-settings=\"{&quot;_ob_photomorph_use&quot;:&quot;no&quot;,&quot;_ob_perspektive_use&quot;:&quot;no&quot;,&quot;_ob_poopart_use&quot;:&quot;yes&quot;,&quot;_ob_shadough_use&quot;:&quot;no&quot;,&quot;_ob_allow_hoveranimator&quot;:&quot;no&quot;,&quot;_ob_widget_stalker_use&quot;:&quot;no&quot;}\" data-widget_type=\"image.default\">\n\t\t\t\t<div class=\"elementor-widget-container\">\n\t\t\t\t\t\t\t\t\t\t\t\t\t\t\t<img decoding=\"async\" width=\"100\" height=\"100\" src=\"https:\/\/spreitzer.de\/wp-content\/uploads\/2019\/12\/Icon-Ueber-uns.png\" class=\"attachment-large size-large wp-image-49387\" alt=\"Spreitzer Gosheim Chi siamo Icon\" srcset=\"https:\/\/spreitzer.de\/wp-content\/uploads\/2019\/12\/Icon-Ueber-uns.png 100w, https:\/\/spreitzer.de\/wp-content\/uploads\/2019\/12\/Icon-Ueber-uns-66x66.png 66w\" sizes=\"(max-width: 100px) 100vw, 100px\">\t\t\t\t\t\t\t\t\t\t\t\t\t\t\t<\/div>\n\t\t\t\t<\/div>\n\t\t<div class=\"elementor-element elementor-element-8a9dc21 e-con-full e-flex e-con e-child\" data-id=\"8a9dc21\" data-element_type=\"container\" data-e-type=\"container\" data-settings=\"{&quot;jet_parallax_layout_list&quot;:[],&quot;_ob_use_container_extras&quot;:&quot;no&quot;,&quot;_ob_column_hoveranimator&quot;:&quot;no&quot;,&quot;_ob_glider_is_slider&quot;:&quot;no&quot;,&quot;_ob_column_has_pseudo&quot;:&quot;no&quot;}\">\n\t\t\t\t<div class=\"elementor-element elementor-element-5a461f0 ob-harakiri-inherit ob-has-background-overlay elementor-widget elementor-widget-heading\" data-id=\"5a461f0\" data-element_type=\"widget\" data-e-type=\"widget\" data-settings=\"{&quot;_ob_use_harakiri&quot;:&quot;yes&quot;,&quot;_ob_harakiri_writing_mode&quot;:&quot;inherit&quot;,&quot;_ob_harakiri_text_clip&quot;:&quot;none&quot;,&quot;_ob_perspektive_use&quot;:&quot;no&quot;,&quot;_ob_poopart_use&quot;:&quot;yes&quot;,&quot;_ob_shadough_use&quot;:&quot;no&quot;,&quot;_ob_allow_hoveranimator&quot;:&quot;no&quot;,&quot;_ob_widget_stalker_use&quot;:&quot;no&quot;}\" data-widget_type=\"heading.default\">\n\t\t\t\t<div class=\"elementor-widget-container\">\n\t\t\t\t\t<h1 class=\"elementor-heading-title elementor-size-default\">Notizie da Spreitzer<\/h1>\t\t\t\t<\/div>\n\t\t\t\t<\/div>\n\t\t\t\t<\/div>\n\t\t<div class=\"elementor-element elementor-element-87d338a e-con-full e-flex e-con e-child\" data-id=\"87d338a\" data-element_type=\"container\" data-e-type=\"container\" data-settings=\"{&quot;jet_parallax_layout_list&quot;:[],&quot;_ob_use_container_extras&quot;:&quot;no&quot;,&quot;_ob_column_hoveranimator&quot;:&quot;no&quot;,&quot;_ob_glider_is_slider&quot;:&quot;no&quot;,&quot;_ob_column_has_pseudo&quot;:&quot;no&quot;}\">\n\t\t\t\t<div class=\"elementor-element elementor-element-abcebfb elementor-cta--skin-classic elementor-animated-content elementor-bg-transform elementor-bg-transform-zoom-in ob-has-background-overlay elementor-widget elementor-widget-call-to-action\" data-id=\"abcebfb\" data-element_type=\"widget\" data-e-type=\"widget\" data-settings=\"{&quot;_ob_perspektive_use&quot;:&quot;no&quot;,&quot;_ob_poopart_use&quot;:&quot;yes&quot;,&quot;_ob_shadough_use&quot;:&quot;no&quot;,&quot;_ob_allow_hoveranimator&quot;:&quot;no&quot;,&quot;_ob_widget_stalker_use&quot;:&quot;no&quot;}\" data-widget_type=\"call-to-action.default\">\n\t\t\t\t<div class=\"elementor-widget-container\">\n\t\t\t\t\t\t\t<a class=\"elementor-cta\" href=\"https:\/\/spreitzer.de\/aktuelles\/messetermine\/\">\n\t\t\t\t\t\t\t<div class=\"elementor-cta__content\">\n\t\t\t\t\t\t\t\t\t<div class=\"elementor-content-item elementor-cta__content-item elementor-cta__image\">\n\t\t\t\t\t\t<img decoding=\"async\" width=\"100\" height=\"100\" src=\"https:\/\/spreitzer.de\/wp-content\/uploads\/2019\/12\/Icon-Termine-Messetermine.png\" class=\"attachment-thumbnail size-thumbnail wp-image-13932\" alt=\"Spreitzer Gosheim Termine Messetermine Icon\" srcset=\"https:\/\/spreitzer.de\/wp-content\/uploads\/2019\/12\/Icon-Termine-Messetermine.png 100w, https:\/\/spreitzer.de\/wp-content\/uploads\/2019\/12\/Icon-Termine-Messetermine-66x66.png 66w\" sizes=\"(max-width: 100px) 100vw, 100px\">\t\t\t\t\t<\/div>\n\t\t\t\t\n\t\t\t\t\t\t\t\t\t<h2 class=\"elementor-cta__title elementor-cta__content-item elementor-content-item\">\n\t\t\t\t\t\tDate delle fiere\t\t\t\t\t<\/h2>\n\t\t\t\t\n\t\t\t\t\n\t\t\t\t\t\t\t<\/div>\n\t\t\t\t\t\t<\/a>\n\t\t\t\t\t\t<\/div>\n\t\t\t\t<\/div>\n\t\t\t\t<div class=\"elementor-element elementor-element-a7c1536 elementor-widget-mobile__width-inherit elementor-cta--skin-classic elementor-animated-content elementor-bg-transform elementor-bg-transform-zoom-in ob-has-background-overlay elementor-widget elementor-widget-call-to-action\" data-id=\"a7c1536\" data-element_type=\"widget\" data-e-type=\"widget\" data-settings=\"{&quot;_ob_perspektive_use&quot;:&quot;no&quot;,&quot;_ob_poopart_use&quot;:&quot;yes&quot;,&quot;_ob_shadough_use&quot;:&quot;no&quot;,&quot;_ob_allow_hoveranimator&quot;:&quot;no&quot;,&quot;_ob_widget_stalker_use&quot;:&quot;no&quot;}\" data-widget_type=\"call-to-action.default\">\n\t\t\t\t<div class=\"elementor-widget-container\">\n\t\t\t\t\t\t\t<a class=\"elementor-cta\" href=\"https:\/\/spreitzer.de\/aktuelles\/newsletter\/\">\n\t\t\t\t\t\t\t<div class=\"elementor-cta__content\">\n\t\t\t\t\t\t\t\t\t<div class=\"elementor-content-item elementor-cta__content-item elementor-cta__image\">\n\t\t\t\t\t\t<img decoding=\"async\" width=\"100\" height=\"100\" src=\"https:\/\/spreitzer.de\/wp-content\/uploads\/2019\/12\/Icon-Newsletter.png\" class=\"attachment-thumbnail size-thumbnail wp-image-13691\" alt=\"Spreitzer Gosheim Newsletter Icon\" srcset=\"https:\/\/spreitzer.de\/wp-content\/uploads\/2019\/12\/Icon-Newsletter.png 100w, https:\/\/spreitzer.de\/wp-content\/uploads\/2019\/12\/Icon-Newsletter-66x66.png 66w\" sizes=\"(max-width: 100px) 100vw, 100px\">\t\t\t\t\t<\/div>\n\t\t\t\t\n\t\t\t\t\t\t\t\t\t<h2 class=\"elementor-cta__title elementor-cta__content-item elementor-content-item\">\n\t\t\t\t\t\tNewsletter\t\t\t\t\t<\/h2>\n\t\t\t\t\n\t\t\t\t\n\t\t\t\t\t\t\t<\/div>\n\t\t\t\t\t\t<\/a>\n\t\t\t\t\t\t<\/div>\n\t\t\t\t<\/div>\n\t\t\t\t<\/div>\n\t\t\t\t\t<\/div>\n\t\t\t\t<\/div>\n\t\t<div class=\"elementor-element elementor-element-4c74558 e-flex e-con-boxed e-con e-parent\" data-id=\"4c74558\" data-element_type=\"container\" data-e-type=\"container\" data-settings=\"{&quot;jet_parallax_layout_list&quot;:[],&quot;_ob_use_container_extras&quot;:&quot;no&quot;,&quot;_ob_column_hoveranimator&quot;:&quot;no&quot;,&quot;_ob_glider_is_slider&quot;:&quot;no&quot;,&quot;_ob_column_has_pseudo&quot;:&quot;no&quot;}\">\n\t\t\t\t\t<div class=\"e-con-inner\">\n\t\t\t\t<div class=\"elementor-element elementor-element-028e804 ob-harakiri-inherit ob-has-background-overlay elementor-widget elementor-widget-heading\" data-id=\"028e804\" data-element_type=\"widget\" data-e-type=\"widget\" data-settings=\"{&quot;_ob_use_harakiri&quot;:&quot;yes&quot;,&quot;_ob_harakiri_writing_mode&quot;:&quot;inherit&quot;,&quot;_ob_harakiri_text_clip&quot;:&quot;none&quot;,&quot;_ob_perspektive_use&quot;:&quot;no&quot;,&quot;_ob_poopart_use&quot;:&quot;yes&quot;,&quot;_ob_shadough_use&quot;:&quot;no&quot;,&quot;_ob_allow_hoveranimator&quot;:&quot;no&quot;,&quot;_ob_widget_stalker_use&quot;:&quot;no&quot;}\" data-widget_type=\"heading.default\">\n\t\t\t\t<div class=\"elementor-widget-container\">\n\t\t\t\t\t<h2 class=\"elementor-heading-title elementor-size-default\">eventi<\/h2>\t\t\t\t<\/div>\n\t\t\t\t<\/div>\n\t\t\t\t<div class=\"elementor-element elementor-element-fdf92a5 ob-has-background-overlay elementor-widget elementor-widget-jet-posts\" data-id=\"fdf92a5\" data-element_type=\"widget\" data-e-type=\"widget\" data-settings=\"{&quot;columns_mobile_extra&quot;:&quot;2&quot;,&quot;columns_mobile&quot;:&quot;1&quot;,&quot;columns&quot;:3,&quot;slides_to_scroll&quot;:&quot;1&quot;,&quot;_ob_perspektive_use&quot;:&quot;no&quot;,&quot;_ob_poopart_use&quot;:&quot;yes&quot;,&quot;_ob_shadough_use&quot;:&quot;no&quot;,&quot;_ob_allow_hoveranimator&quot;:&quot;no&quot;,&quot;_ob_widget_stalker_use&quot;:&quot;no&quot;}\" data-widget_type=\"jet-posts.default\">\n\t\t\t\t<div class=\"elementor-widget-container\">\n\t\t\t\t\t<div class=\"elementor-jet-posts jet-elements\"><div class=\"jet-posts col-row  jet-equal-cols\"><div class=\"jet-posts__item\">\n\t<div class=\"jet-posts__inner-box\"><div class=\"post-thumbnail\"><a href=\"https:\/\/spreitzer.de\/it\/40-anni-di-spreitzer\/\" class=\"post-thumbnail__link\"><img loading=\"lazy\" decoding=\"async\" class=\"post-thumbnail__img wp-post-image\" src=\"https:\/\/spreitzer.de\/wp-content\/uploads\/2025\/01\/IMG_20231013_135848_resized_20231018_105518272-scaled-1-1024x768.jpg\" alt=\"40 ANNI DI SPREITZER\" width=\"800\" height=\"600\"><\/a><\/div><div class=\"jet-posts__inner-content\"><h4 class=\"entry-title\"><a href=\"https:\/\/spreitzer.de\/it\/40-anni-di-spreitzer\/\" target=\"_blank\">40 ANNI DI SPREITZER<\/a><\/h4><div class=\"entry-excerpt\">Nell&#8217;ottobre 2023 abbiamo festeggiato il nostro 40\u00b0 anniversario aziendale. Per ringraziare i nostri dipendenti, abbiamo preso un giorno di ferie&hellip;<\/div><div class=\"jet-more-wrap\"><a href=\"https:\/\/spreitzer.de\/it\/40-anni-di-spreitzer\/\" class=\"btn btn-primary elementor-button elementor-size-md jet-more\" target=\"_blank\"><span class=\"btn__text\">Per saperne di pi\u00f9<\/span><\/a><\/div><\/div><\/div>\n<\/div>\n<div class=\"jet-posts__item\">\n\t<div class=\"jet-posts__inner-box\"><div class=\"post-thumbnail\"><a href=\"https:\/\/spreitzer.de\/it\/visita-a-gf-machining-solutions-gmbh-a-schorndorf\/\" class=\"post-thumbnail__link\"><img loading=\"lazy\" decoding=\"async\" class=\"post-thumbnail__img wp-post-image\" src=\"https:\/\/spreitzer.de\/wp-content\/uploads\/2025\/01\/Spreitzer_bei_GF_machining_Schorndorf_2.jpg\" alt=\"Visita a GF Machining Solutions GmbH a Schorndorf\" width=\"800\" height=\"600\"><\/a><\/div><div class=\"jet-posts__inner-content\"><h4 class=\"entry-title\"><a href=\"https:\/\/spreitzer.de\/it\/visita-a-gf-machining-solutions-gmbh-a-schorndorf\/\" target=\"_blank\">Visita a GF Machining Solutions GmbH a Schorndorf<\/a><\/h4><div class=\"entry-excerpt\">I dipendenti Spreitzer ricevono informazioni di prima mano con l&#8217;obiettivo di ottenere una maggiore produttivit\u00e0 e un maggiore utilizzo della&hellip;<\/div><div class=\"jet-more-wrap\"><a href=\"https:\/\/spreitzer.de\/it\/visita-a-gf-machining-solutions-gmbh-a-schorndorf\/\" class=\"btn btn-primary elementor-button elementor-size-md jet-more\" target=\"_blank\"><span class=\"btn__text\">Per saperne di pi\u00f9<\/span><\/a><\/div><\/div><\/div>\n<\/div>\n<div class=\"jet-posts__item\">\n\t<div class=\"jet-posts__inner-box\"><div class=\"post-thumbnail\"><a href=\"https:\/\/spreitzer.de\/it\/chiron-casa-aperta-2023\/\" class=\"post-thumbnail__link\"><img loading=\"lazy\" decoding=\"async\" class=\"post-thumbnail__img wp-post-image\" src=\"https:\/\/spreitzer.de\/wp-content\/uploads\/2025\/01\/Chiron_open_House_2023_1-scaled-1-1024x768.jpg\" alt=\"CHIRON Casa aperta 2023\" width=\"800\" height=\"600\"><\/a><\/div><div class=\"jet-posts__inner-content\"><h4 class=\"entry-title\"><a href=\"https:\/\/spreitzer.de\/it\/chiron-casa-aperta-2023\/\" target=\"_blank\">CHIRON Casa aperta 2023<\/a><\/h4><div class=\"entry-excerpt\">Anche quest \u201canno l\u201d Open House di CHIRON Group SE si terr\u00e0 a Tuttlingen. Il nostro stand presenter\u00e0 una selezione&hellip;<\/div><div class=\"jet-more-wrap\"><a href=\"https:\/\/spreitzer.de\/it\/chiron-casa-aperta-2023\/\" class=\"btn btn-primary elementor-button elementor-size-md jet-more\" target=\"_blank\"><span class=\"btn__text\">Per saperne di pi\u00f9<\/span><\/a><\/div><\/div><\/div>\n<\/div>\n<div class=\"jet-posts__item\">\n\t<div class=\"jet-posts__inner-box\"><div class=\"post-thumbnail\"><a href=\"https:\/\/spreitzer.de\/it\/controllo-2023\/\" class=\"post-thumbnail__link\"><img loading=\"lazy\" decoding=\"async\" class=\"post-thumbnail__img wp-post-image\" src=\"https:\/\/spreitzer.de\/wp-content\/uploads\/2025\/01\/Control_11_05_2023_6.jpg\" alt=\"CONTROLLO 2023\" width=\"768\" height=\"1024\"><\/a><\/div><div class=\"jet-posts__inner-content\"><h4 class=\"entry-title\"><a href=\"https:\/\/spreitzer.de\/it\/controllo-2023\/\" target=\"_blank\">CONTROLLO 2023<\/a><\/h4><div class=\"entry-excerpt\">Siamo stati molto contenti del grande interesse suscitato dal nostro innovativo sistema di fissaggio ALUMESS.easyloc, adatto sia alla metrologia che&hellip;<\/div><div class=\"jet-more-wrap\"><a href=\"https:\/\/spreitzer.de\/it\/controllo-2023\/\" class=\"btn btn-primary elementor-button elementor-size-md jet-more\" target=\"_blank\"><span class=\"btn__text\">Per saperne di pi\u00f9<\/span><\/a><\/div><\/div><\/div>\n<\/div>\n<div class=\"jet-posts__item\">\n\t<div class=\"jet-posts__inner-box\"><div class=\"post-thumbnail\"><a href=\"https:\/\/spreitzer.de\/it\/addio-a-norbert-schrenk\/\" class=\"post-thumbnail__link\"><img loading=\"lazy\" decoding=\"async\" class=\"post-thumbnail__img wp-post-image\" src=\"https:\/\/spreitzer.de\/wp-content\/uploads\/2025\/01\/Verabschiedung_Norbert_Schrenk-scaled-1-1024x768.jpg\" alt=\"Addio a Norbert Schrenk\" width=\"800\" height=\"600\"><\/a><\/div><div class=\"jet-posts__inner-content\"><h4 class=\"entry-title\"><a href=\"https:\/\/spreitzer.de\/it\/addio-a-norbert-schrenk\/\" target=\"_blank\">Addio a Norbert Schrenk<\/a><\/h4><div class=\"entry-excerpt\">Marted\u00ec 7 febbraio 2023 abbiamo potuto salutare il nostro dipendente di lunga data, Norbert Schrenk, per il suo pensionamento. Il&hellip;<\/div><div class=\"jet-more-wrap\"><a href=\"https:\/\/spreitzer.de\/it\/addio-a-norbert-schrenk\/\" class=\"btn btn-primary elementor-button elementor-size-md jet-more\" target=\"_blank\"><span class=\"btn__text\">Per saperne di pi\u00f9<\/span><\/a><\/div><\/div><\/div>\n<\/div>\n<div class=\"jet-posts__item\">\n\t<div class=\"jet-posts__inner-box\"><div class=\"post-thumbnail\"><a href=\"https:\/\/spreitzer.de\/it\/festa-di-natale-2017\/\" class=\"post-thumbnail__link\"><img loading=\"lazy\" decoding=\"async\" class=\"post-thumbnail__img wp-post-image\" src=\"https:\/\/spreitzer.de\/wp-content\/uploads\/2025\/01\/Weihnachtsfeier_2017_3-scaled-1-1024x768.jpg\" alt=\"Festa di Natale 2017\" width=\"800\" height=\"600\"><\/a><\/div><div class=\"jet-posts__inner-content\"><h4 class=\"entry-title\"><a href=\"https:\/\/spreitzer.de\/it\/festa-di-natale-2017\/\" target=\"_blank\">Festa di Natale 2017<\/a><\/h4><div class=\"jet-more-wrap\"><a href=\"https:\/\/spreitzer.de\/it\/festa-di-natale-2017\/\" class=\"btn btn-primary elementor-button elementor-size-md jet-more\" target=\"_blank\"><span class=\"btn__text\">Per saperne di pi\u00f9<\/span><\/a><\/div><\/div><\/div>\n<\/div>\n<div class=\"jet-posts__item\">\n\t<div class=\"jet-posts__inner-box\"><div class=\"post-thumbnail\"><a href=\"https:\/\/spreitzer.de\/it\/gita-aziendale-al-museo-allaperto-2016\/\" class=\"post-thumbnail__link\"><img loading=\"lazy\" decoding=\"async\" class=\"post-thumbnail__img wp-post-image\" src=\"https:\/\/spreitzer.de\/wp-content\/uploads\/2025\/01\/Neuhausen_2016_20-scaled-1-1024x768.jpg\" alt=\"Gita aziendale al museo all&#039;aperto 2016\" width=\"800\" height=\"600\"><\/a><\/div><div class=\"jet-posts__inner-content\"><h4 class=\"entry-title\"><a href=\"https:\/\/spreitzer.de\/it\/gita-aziendale-al-museo-allaperto-2016\/\" target=\"_blank\">Gita aziendale al museo all'aperto 2016<\/a><\/h4><div class=\"jet-more-wrap\"><a href=\"https:\/\/spreitzer.de\/it\/gita-aziendale-al-museo-allaperto-2016\/\" class=\"btn btn-primary elementor-button elementor-size-md jet-more\" target=\"_blank\"><span class=\"btn__text\">Per saperne di pi\u00f9<\/span><\/a><\/div><\/div><\/div>\n<\/div>\n<div class=\"jet-posts__item\">\n\t<div class=\"jet-posts__inner-box\"><div class=\"post-thumbnail\"><a href=\"https:\/\/spreitzer.de\/it\/evento-podistico-neckarman-2016\/\" class=\"post-thumbnail__link\"><img loading=\"lazy\" decoding=\"async\" class=\"post-thumbnail__img wp-post-image\" src=\"https:\/\/spreitzer.de\/wp-content\/uploads\/2025\/01\/1_Eventsponsoring_2016-scaled-1-1024x768.jpg\" alt=\"Evento podistico Neckarman 2016\" width=\"800\" height=\"600\"><\/a><\/div><div class=\"jet-posts__inner-content\"><h4 class=\"entry-title\"><a href=\"https:\/\/spreitzer.de\/it\/evento-podistico-neckarman-2016\/\" target=\"_blank\">Evento podistico Neckarman 2016<\/a><\/h4><div class=\"jet-more-wrap\"><a href=\"https:\/\/spreitzer.de\/it\/evento-podistico-neckarman-2016\/\" class=\"btn btn-primary elementor-button elementor-size-md jet-more\" target=\"_blank\"><span class=\"btn__text\">Per saperne di pi\u00f9<\/span><\/a><\/div><\/div><\/div>\n<\/div>\n<div class=\"jet-posts__item\">\n\t<div class=\"jet-posts__inner-box\"><div class=\"post-thumbnail\"><a href=\"https:\/\/spreitzer.de\/it\/evento-sponsor-scuola-erwin-teufel-spaichingen-2015\/\" class=\"post-thumbnail__link\"><img loading=\"lazy\" decoding=\"async\" class=\"post-thumbnail__img wp-post-image\" src=\"https:\/\/spreitzer.de\/wp-content\/uploads\/2025\/01\/Spender_Erwin_Teufel_Schule_2015-scaled-1-1024x576.jpg\" alt=\"Evento sponsor, Scuola Erwin Teufel Spaichingen 2015\" width=\"800\" height=\"450\"><\/a><\/div><div class=\"jet-posts__inner-content\"><h4 class=\"entry-title\"><a href=\"https:\/\/spreitzer.de\/it\/evento-sponsor-scuola-erwin-teufel-spaichingen-2015\/\" target=\"_blank\">Evento sponsor, Scuola Erwin Teufel Spaichingen 2015<\/a><\/h4><div class=\"jet-more-wrap\"><a href=\"https:\/\/spreitzer.de\/it\/evento-sponsor-scuola-erwin-teufel-spaichingen-2015\/\" class=\"btn btn-primary elementor-button elementor-size-md jet-more\" target=\"_blank\"><span class=\"btn__text\">Per saperne di pi\u00f9<\/span><\/a><\/div><\/div><\/div>\n<\/div>\n<div class=\"jet-posts__item\">\n\t<div class=\"jet-posts__inner-box\"><div class=\"post-thumbnail\"><a href=\"https:\/\/spreitzer.de\/it\/visita-al-birrificio-hirsch-di-wurmlingen-2015\/\" class=\"post-thumbnail__link\"><img loading=\"lazy\" decoding=\"async\" class=\"post-thumbnail__img wp-post-image\" src=\"https:\/\/spreitzer.de\/wp-content\/uploads\/2025\/01\/Hirschbrauerei_2015_4-scaled-1-1024x768.jpg\" alt=\"Visita al birrificio Hirsch di Wurmlingen 2015\" width=\"800\" height=\"600\"><\/a><\/div><div class=\"jet-posts__inner-content\"><h4 class=\"entry-title\"><a href=\"https:\/\/spreitzer.de\/it\/visita-al-birrificio-hirsch-di-wurmlingen-2015\/\" target=\"_blank\">Visita al birrificio Hirsch di Wurmlingen 2015<\/a><\/h4><div class=\"jet-more-wrap\"><a href=\"https:\/\/spreitzer.de\/it\/visita-al-birrificio-hirsch-di-wurmlingen-2015\/\" class=\"btn btn-primary elementor-button elementor-size-md jet-more\" target=\"_blank\"><span class=\"btn__text\">Per saperne di pi\u00f9<\/span><\/a><\/div><\/div><\/div>\n<\/div>\n<div class=\"jet-posts__item\">\n\t<div class=\"jet-posts__inner-box\"><div class=\"post-thumbnail\"><a href=\"https:\/\/spreitzer.de\/it\/visita-al-parco-divertimenti-di-mahlstetten-nel-2015\/\" class=\"post-thumbnail__link\"><img loading=\"lazy\" decoding=\"async\" class=\"post-thumbnail__img wp-post-image\" src=\"https:\/\/spreitzer.de\/wp-content\/uploads\/2025\/01\/Freizeitpark_Mahlstetten_2015_7-scaled-1-1024x768.jpg\" alt=\"Visita al parco divertimenti di Mahlstetten nel 2015\" width=\"800\" height=\"600\"><\/a><\/div><div class=\"jet-posts__inner-content\"><h4 class=\"entry-title\"><a href=\"https:\/\/spreitzer.de\/it\/visita-al-parco-divertimenti-di-mahlstetten-nel-2015\/\" target=\"_blank\">Visita al parco divertimenti di Mahlstetten nel 2015<\/a><\/h4><div class=\"jet-more-wrap\"><a href=\"https:\/\/spreitzer.de\/it\/visita-al-parco-divertimenti-di-mahlstetten-nel-2015\/\" class=\"btn btn-primary elementor-button elementor-size-md jet-more\" target=\"_blank\"><span class=\"btn__text\">Per saperne di pi\u00f9<\/span><\/a><\/div><\/div><\/div>\n<\/div>\n<div class=\"jet-posts__item\">\n\t<div class=\"jet-posts__inner-box\"><div class=\"post-thumbnail\"><a href=\"https:\/\/spreitzer.de\/it\/festa-destate-2014\/\" class=\"post-thumbnail__link\"><img loading=\"lazy\" decoding=\"async\" class=\"post-thumbnail__img wp-post-image\" src=\"https:\/\/spreitzer.de\/wp-content\/uploads\/2025\/01\/Sommerfest_2014_8-scaled-1-1024x680.jpg\" alt=\"Festa d&#039;estate 2014\" width=\"800\" height=\"531\"><\/a><\/div><div class=\"jet-posts__inner-content\"><h4 class=\"entry-title\"><a href=\"https:\/\/spreitzer.de\/it\/festa-destate-2014\/\" target=\"_blank\">Festa d'estate 2014<\/a><\/h4><div class=\"jet-more-wrap\"><a href=\"https:\/\/spreitzer.de\/it\/festa-destate-2014\/\" class=\"btn btn-primary elementor-button elementor-size-md jet-more\" target=\"_blank\"><span class=\"btn__text\">Per saperne di pi\u00f9<\/span><\/a><\/div><\/div><\/div>\n<\/div>\n<div class=\"jet-posts__item\">\n\t<div class=\"jet-posts__inner-box\"><div class=\"post-thumbnail\"><a href=\"https:\/\/spreitzer.de\/it\/gita-aziendale-a-bodman-2013\/\" class=\"post-thumbnail__link\"><img loading=\"lazy\" decoding=\"async\" class=\"post-thumbnail__img wp-post-image\" src=\"https:\/\/spreitzer.de\/wp-content\/uploads\/2025\/01\/Bodman_2013_8-scaled-1-1024x768.jpg\" alt=\"Gita aziendale a Bodman 2013\" width=\"800\" height=\"600\"><\/a><\/div><div class=\"jet-posts__inner-content\"><h4 class=\"entry-title\"><a href=\"https:\/\/spreitzer.de\/it\/gita-aziendale-a-bodman-2013\/\" target=\"_blank\">Gita aziendale a Bodman 2013<\/a><\/h4><div class=\"jet-more-wrap\"><a href=\"https:\/\/spreitzer.de\/it\/gita-aziendale-a-bodman-2013\/\" class=\"btn btn-primary elementor-button elementor-size-md jet-more\" target=\"_blank\"><span class=\"btn__text\">Per saperne di pi\u00f9<\/span><\/a><\/div><\/div><\/div>\n<\/div>\n<\/div>\n<\/div>\t\t\t\t<\/div>\n\t\t\t\t<\/div>\n\t\t\t\t\t<\/div>\n\t\t\t\t<\/div>\n\t\t\t\t<\/div>\n\t\t","protected":false},"excerpt":{"rendered":"<p>Notizie da Spreitzer Date delle fiere Newsletter eventi 40 JAHRE SPREITZER Im Oktober 2023 feierten wir unser 40-j\u00e4hriges Firmenjubil\u00e4um. Als Dankesch\u00f6n an unsere Belegschaft, haben wir einen Tag die Arbeit ruhen&hellip;Per saperne di pi\u00f9 Besuch bei GF Machining Solutions GmbH in Schorndorf Spreitzer Mitarbeiter informieren sich aus erster Hand, mit dem Ziel zuk\u00fcnftig eine h\u00f6here [&hellip;]<\/p>\n","protected":false},"author":14,"featured_media":0,"parent":0,"menu_order":1200,"comment_status":"closed","ping_status":"closed","template":"","meta":{"footnotes":""},"class_list":["post-46358","page","type-page","status-publish","hentry"],"_links":{"self":[{"href":"https:\/\/spreitzer.de\/it\/wp-json\/wp\/v2\/pages\/46358","targetHints":{"allow":["GET"]}}],"collection":[{"href":"https:\/\/spreitzer.de\/it\/wp-json\/wp\/v2\/pages"}],"about":[{"href":"https:\/\/spreitzer.de\/it\/wp-json\/wp\/v2\/types\/page"}],"author":[{"embeddable":true,"href":"https:\/\/spreitzer.de\/it\/wp-json\/wp\/v2\/users\/14"}],"replies":[{"embeddable":true,"href":"https:\/\/spreitzer.de\/it\/wp-json\/wp\/v2\/comments?post=46358"}],"version-history":[{"count":1,"href":"https:\/\/spreitzer.de\/it\/wp-json\/wp\/v2\/pages\/46358\/revisions"}],"predecessor-version":[{"id":46359,"href":"https:\/\/spreitzer.de\/it\/wp-json\/wp\/v2\/pages\/46358\/revisions\/46359"}],"wp:attachment":[{"href":"https:\/\/spreitzer.de\/it\/wp-json\/wp\/v2\/media?parent=46358"}],"curies":[{"name":"wp","href":"https:\/\/api.w.org\/{rel}","templated":true}]}}