{"id":46368,"date":"2018-12-04T10:45:01","date_gmt":"2018-12-04T09:45:01","guid":{"rendered":"https:\/\/spreitzer.de\/mentions-legales\/"},"modified":"2025-01-23T15:25:23","modified_gmt":"2025-01-23T14:25:23","slug":"mentions-legales","status":"publish","type":"page","link":"https:\/\/spreitzer.de\/fr\/mentions-legales\/","title":{"rendered":"Mentions l\u00e9gales"},"content":{"rendered":"\t\t<div data-elementor-type=\"wp-page\" data-elementor-id=\"46368\" class=\"elementor elementor-46368 elementor-12075\" data-elementor-post-type=\"page\">\n\t\t\t\t<div class=\"elementor-element elementor-element-59d4be1 e-flex e-con-boxed e-con e-parent\" data-id=\"59d4be1\" data-element_type=\"container\" data-e-type=\"container\" data-settings=\"{&quot;jet_parallax_layout_list&quot;:[],&quot;_ob_use_container_extras&quot;:&quot;no&quot;,&quot;_ob_column_hoveranimator&quot;:&quot;no&quot;,&quot;_ob_glider_is_slider&quot;:&quot;no&quot;,&quot;_ob_column_has_pseudo&quot;:&quot;no&quot;}\">\n\t\t\t\t\t<div class=\"e-con-inner\">\n\t\t\t\t<div class=\"elementor-element elementor-element-b6f252b ob-has-background-overlay elementor-widget elementor-widget-erecht24\" data-id=\"b6f252b\" data-element_type=\"widget\" data-e-type=\"widget\" data-settings=\"{&quot;_ob_perspektive_use&quot;:&quot;no&quot;,&quot;_ob_poopart_use&quot;:&quot;yes&quot;,&quot;_ob_shadough_use&quot;:&quot;no&quot;,&quot;_ob_allow_hoveranimator&quot;:&quot;no&quot;,&quot;_ob_widget_stalker_use&quot;:&quot;no&quot;}\" data-widget_type=\"erecht24.default\">\n\t\t\t\t<div class=\"elementor-widget-container\">\n\t\t\t\t\t<div class=\"erecht24-elementor-widget\"><div style=\"word-wrap: break-word;\"><h1>Impressum<\/h1>\n\n<p>Spreitzer GmbH &amp; Co. KG<br \/>\nStuttgarter Stra&szlig;e 58<br \/>\n78628 Rottweil<\/p>\n\n<p>Handelsregister: Stuttgart<br \/>\nRegistergericht: HRA 460658<\/p>\n\n<p><strong>Vertreten durch:<\/strong><br \/>\nSpreitzer Verwaltungs-GmbH<\/p>\n\n<p>Diese vertreten durch:<br \/>\nMichael Spreitzer<\/p>\n\n<p>Handelsregister: HRB 460882<br \/>\nRegistergericht: Stuttgart<\/p>\n\n<h2>Kontakt<\/h2>\n<p>Telefon: +49 7426 \/ 9475-0<br \/>\nTelefax: +49 7426 \/ 9475-20<br \/>\nE-Mail: info@spreitzer.de<\/p>\n\n<h2>Umsatzsteuer-ID<\/h2>\n<p>Umsatzsteuer-Identifikationsnummer gem&auml;&szlig; &sect; 27 a Umsatzsteuergesetz:<br \/>\nDE230989085<\/p>\n\n<h2>Redaktionell verantwortlich<\/h2>\n<p>Michael Spreitzer<\/p>\n\n<h2>Verbraucher&shy;streit&shy;beilegung\/Universal&shy;schlichtungs&shy;stelle<\/h2>\n<p>Wir sind nicht bereit oder verpflichtet, an Streitbeilegungsverfahren vor einer Verbraucherschlichtungsstelle teilzunehmen.<\/p><\/div><\/div>\t\t\t\t<\/div>\n\t\t\t\t<\/div>\n\t\t\t\t\t<\/div>\n\t\t\t\t<\/div>\n\t\t<div class=\"elementor-element elementor-element-5cf532d e-flex e-con-boxed e-con e-parent\" data-id=\"5cf532d\" data-element_type=\"container\" data-e-type=\"container\" data-settings=\"{&quot;jet_parallax_layout_list&quot;:[],&quot;_ob_use_container_extras&quot;:&quot;no&quot;,&quot;_ob_column_hoveranimator&quot;:&quot;no&quot;,&quot;_ob_glider_is_slider&quot;:&quot;no&quot;,&quot;_ob_column_has_pseudo&quot;:&quot;no&quot;}\">\n\t\t\t\t\t<div class=\"e-con-inner\">\n\t\t\t\t<div class=\"elementor-element elementor-element-ab441d4 ob-harakiri-inherit ob-has-background-overlay elementor-widget elementor-widget-text-editor\" data-id=\"ab441d4\" data-element_type=\"widget\" data-e-type=\"widget\" data-settings=\"{&quot;_ob_use_harakiri&quot;:&quot;yes&quot;,&quot;_ob_harakiri_writing_mode&quot;:&quot;inherit&quot;,&quot;_ob_postman_use&quot;:&quot;no&quot;,&quot;_ob_perspektive_use&quot;:&quot;no&quot;,&quot;_ob_poopart_use&quot;:&quot;yes&quot;,&quot;_ob_shadough_use&quot;:&quot;no&quot;,&quot;_ob_allow_hoveranimator&quot;:&quot;no&quot;,&quot;_ob_widget_stalker_use&quot;:&quot;no&quot;}\" data-widget_type=\"text-editor.default\">\n\t\t\t\t<div class=\"elementor-widget-container\">\n\t\t\t\t\t\t\t\t\t<p>Spreitzer GmbH &amp; Co. KG<\/p>\n<p>Photographie : Nico Pudimat | <a href=\"http:\/\/www.nicopudimat.de\/\" target=\"_blank\" rel=\"noopener\">www.nicopudimat.de<\/a><\/p>\n<p>\u00a9 Adobe Stock :<\/p>\n<ul>\n<li>Robo search &#8211; Par <a href=\"https:\/\/stock.adobe.com\/de\/contributor\/200497737\/way4arer?load_type=author&amp;prev_url=detail\" target=\"_blank\" rel=\"noopener\">way4arer<\/a><\/li>\n<li>Robot hand holding telephone &#8211; Par <a href=\"https:\/\/stock.adobe.com\/de\/contributor\/200631788\/zentilia?load_type=author&amp;prev_url=detail\" target=\"_blank\" rel=\"noopener\">zentilia<\/a><\/li>\n<li>Robot masculin pensant \u00e0 quelque chose. &#8211; Par <a href=\"https:\/\/stock.adobe.com\/de\/contributor\/201423\/sarah-holmlund?load_type=author&amp;prev_url=detail\" target=\"_blank\" rel=\"noopener\">Sarah Holmlund<\/a> <\/li>\n<li>Femme robot tenant un tournesol. &#8211; Par <a href=\"https:\/\/stock.adobe.com\/de\/contributor\/201423\/sarah-holmlund?load_type=author&amp;prev_url=detail\" target=\"_blank\" rel=\"noopener\">Sarah Holmlund<\/a> <\/li>\n<li>En-t\u00eate &#8211; Banni\u00e8res &#8211; Par <a href=\"https:\/\/stock.adobe.com\/de\/contributor\/201203914\/philipp-schilli?load_type=author&amp;prev_url=detail\" target=\"_blank\" rel=\"noopener\">Philipp Schilli<\/a><\/li>\n<li>robot android runnning speed concept &#8211; Par <a href=\"https:\/\/stock.adobe.com\/de\/contributor\/200467333\/jim?load_type=author&amp;prev_url=detail\" target=\"_blank\" rel=\"noopener\">jim<\/a><\/li>\n<li>robot hand and butterfly &#8211; Par <a href=\"https:\/\/stock.adobe.com\/de\/contributor\/200467333\/jim?load_type=author&amp;prev_url=detail\" target=\"_blank\" rel=\"noopener\">jim<\/a><\/li>\n<li>Femme robotis\u00e9e en train de m\u00e9diter. &#8211; Par <a href=\"https:\/\/stock.adobe.com\/de\/contributor\/201423\/sarah-holmlund?load_type=author&amp;prev_url=detail\" target=\"_blank\" rel=\"noopener\">Sarah Holmlund<\/a> <\/li>\n<li>Collage de robot de peinture. &#8211; Par <a href=\"https:\/\/stock.adobe.com\/de\/contributor\/201423\/sarah-holmlund?load_type=author&amp;prev_url=detail\" target=\"_blank\" rel=\"noopener\">Sarah Holmlund<\/a> <\/li>\n<li>Homme-robot en position de r\u00e9flexion. &#8211; Par <a href=\"https:\/\/stock.adobe.com\/de\/contributor\/201423\/sarah-holmlund?load_type=author&amp;prev_url=detail\" target=\"_blank\" rel=\"noopener\">Sarah Holmlund<\/a> <\/li>\n<li>Kid jouant avec un jet pack &#8211; Par <a href=\"https:\/\/stock.adobe.com\/de\/contributor\/201237246\/sunny-studio?load_type=author&amp;prev_url=detail\" target=\"_blank\" rel=\"noopener\">Sunny studio<\/a><\/li>\n<li>Illustration 3d de Concept d&rsquo;Intelligence Artificielle avec des mains humaines et robotiques &#8211; Par <a href=\"https:\/\/stock.adobe.com\/de\/contributor\/204147767\/sergey?load_type=author&amp;prev_url=detail\" target=\"_blank\" rel=\"noopener\">Sergey<\/a><\/li>\n<li>Concept de technologie abstraite. Illustration 3D &#8211; Par <a href=\"https:\/\/stock.adobe.com\/de\/contributor\/328527\/graphiccompressor?load_type=author&amp;prev_url=detail\" target=\"_blank\" rel=\"noopener\">GraphicCompressor<\/a> <\/li>\n<li>Homme sur fus\u00e9e &#8211; Par <a href=\"https:\/\/stock.adobe.com\/de\/contributor\/200945821\/lassedesignen?load_type=author&amp;prev_url=detail\" target=\"_blank\" rel=\"noopener\">lassedesignen<\/a><\/li>\n<li>Un ouvrier industriel soude une voiture dans une usine &#8211; Par <a href=\"https:\/\/stock.adobe.com\/de\/contributor\/206356612\/bobo1980?load_type=author&amp;prev_url=detail\" target=\"_blank\" rel=\"noopener\">bobo1980<\/a><\/li>\n<li>Journal avec main de robot &#8211; Par <a href=\"https:\/\/stock.adobe.com\/de\/contributor\/206525000\/talaj?load_type=author&amp;prev_url=detail\" target=\"_blank\" rel=\"noopener\">Talaj<\/a><\/li>\n<li>Doigt cyborg blanc sur le point de toucher le doigt humain Rendu 3D &#8211; Par <a href=\"https:\/\/stock.adobe.com\/de\/contributor\/201258068\/sdecoret?load_type=author&amp;prev_url=detail\" target=\"_blank\" rel=\"noopener\">sdecoret<\/a><\/li>\n<li>Laboratoire de m\u00e9trologie dans une grande industrie italienne &#8211; Par \u5b89\u7426 <a href=\"https:\/\/stock.adobe.com\/de\/contributor\/207174907\/%E5%AE%89%E7%90%A6-%E7%8E%8B?load_type=author&amp;prev_url=detail\" target=\"_blank\" rel=\"noopener\">\u738b<\/a><\/li>\n<li>Feuille de m\u00e9tal argent\u00e9 &#8211; Par <a href=\"https:\/\/stock.adobe.com\/de\/contributor\/203619903\/scenery1?load_type=author&amp;prev_url=detail\" target=\"_blank\" rel=\"noopener\">scenery1<\/a><\/li>\n<li>CNC Laser cutting of metal, modern industrial technology. &#8211; Par <a href=\"https:\/\/stock.adobe.com\/de\/contributor\/36363\/andrey-armyagov?load_type=author&amp;prev_url=detail\" target=\"_blank\" rel=\"noopener\">Andrey Armyagov<\/a> <\/li>\n<li>Texture m\u00e9tallique polie. &#8211; De <a href=\"https:\/\/stock.adobe.com\/de\/contributor\/201373819\/cobalt?load_type=author&amp;prev_url=detail\" target=\"_blank\" rel=\"noopener\">Cobalt <\/a>  <\/li>\n<li>Panneau publicitaire dans la foule lors d&rsquo;un \u00e9v\u00e9nement &#8211; Par <span class=\"blue bleu-de-france-text\" data-t=\"detail-panel-content-author-name\"><a class=\"blue bleu-de-france-text\" href=\"https:\/\/stock.adobe.com\/de\/contributor\/200576396\/robert-kneschke?load_type=author&amp;prev_url=detail\" target=\"_blank\" rel=\"noopener\">Robert Kneschke<\/a><\/span><\/li>\n<li>Bras masculin montrant OK ou confirmant pendant la conf\u00e9rence en vue de bureau. High level and quality product offer okay symbol expression perfect mediation solution happy client creative adviser participate &#8211; De <a class=\"blue bleu-de-france-text js-contributor-link\" href=\"https:\/\/stock.adobe.com\/de\/contributor\/209048417\/h-ko?load_type=author&amp;prev_url=detail\" target=\"_blank\" rel=\"noopener\" data-ingest-clicktype=\"details-contributor-link\">H_Ko<\/a> <\/li>\n<li>Trolley et van \u00e0 l&rsquo;ext\u00e9rieur de l&rsquo;entrep\u00f4t &#8211; Par <a href=\"https:\/\/stock.adobe.com\/de\/contributor\/201599917\/moodboard?load_type=author&amp;prev_url=detail\" target=\"_blank\" rel=\"noopener\">moodboard<\/a><\/li>\n<li>Rush Hour At Traffic &#8211; Par <a href=\"https:\/\/stock.adobe.com\/de\/contributor\/204620286\/ellisia?load_type=author&amp;prev_url=detail&amp;asset_id=420789380\" target=\"_blank\" rel=\"noopener\">ellisia<\/a><\/li>\n<\/ul>\n\t\t\t\t\t\t\t\t<\/div>\n\t\t\t\t<\/div>\n\t\t\t\t\t<\/div>\n\t\t\t\t<\/div>\n\t\t\t\t<\/div>\n\t\t","protected":false},"excerpt":{"rendered":"<p>Impressum Spreitzer GmbH &amp; Co. KG Br&uuml;cklestr. 21 78559 Gosheim Handelsregister: Tuttlingen Registergericht: HRA 658 Sp \/ HRB 882 Sp Vertreten durch: Spreitzer GmbH &amp; Co. KG Diese vertreten durch: Michael Spreitzer Handelsregister: HRA 658 Sp \/ HRB 882 Sp Registergericht: Tuttlingen Kontakt Telefon: +49 7426 \/ 9475-0 Telefax: +49 7426 \/ 9475-20 E-Mail: info@spreitzer.de [&hellip;]<\/p>\n","protected":false},"author":14,"featured_media":0,"parent":0,"menu_order":10000,"comment_status":"closed","ping_status":"closed","template":"","meta":{"footnotes":""},"class_list":["post-46368","page","type-page","status-publish","hentry"],"_links":{"self":[{"href":"https:\/\/spreitzer.de\/fr\/wp-json\/wp\/v2\/pages\/46368","targetHints":{"allow":["GET"]}}],"collection":[{"href":"https:\/\/spreitzer.de\/fr\/wp-json\/wp\/v2\/pages"}],"about":[{"href":"https:\/\/spreitzer.de\/fr\/wp-json\/wp\/v2\/types\/page"}],"author":[{"embeddable":true,"href":"https:\/\/spreitzer.de\/fr\/wp-json\/wp\/v2\/users\/14"}],"replies":[{"embeddable":true,"href":"https:\/\/spreitzer.de\/fr\/wp-json\/wp\/v2\/comments?post=46368"}],"version-history":[{"count":1,"href":"https:\/\/spreitzer.de\/fr\/wp-json\/wp\/v2\/pages\/46368\/revisions"}],"predecessor-version":[{"id":46373,"href":"https:\/\/spreitzer.de\/fr\/wp-json\/wp\/v2\/pages\/46368\/revisions\/46373"}],"wp:attachment":[{"href":"https:\/\/spreitzer.de\/fr\/wp-json\/wp\/v2\/media?parent=46368"}],"curies":[{"name":"wp","href":"https:\/\/api.w.org\/{rel}","templated":true}]}}