{"id":46342,"date":"2018-06-08T22:48:59","date_gmt":"2018-06-08T20:48:59","guid":{"rendered":"https:\/\/spreitzer.de\/actualites\/"},"modified":"2025-01-23T15:24:32","modified_gmt":"2025-01-23T14:24:32","slug":"actualites","status":"publish","type":"page","link":"https:\/\/spreitzer.de\/fr\/actualites\/","title":{"rendered":"Actualit\u00e9s"},"content":{"rendered":"\t\t<div data-elementor-type=\"wp-page\" data-elementor-id=\"46342\" class=\"elementor elementor-46342 elementor-11928\" data-elementor-post-type=\"page\">\n\t\t\t\t<div class=\"elementor-element elementor-element-d52067a e-flex e-con-boxed e-con e-parent\" data-id=\"d52067a\" data-element_type=\"container\" data-e-type=\"container\" data-settings=\"{&quot;jet_parallax_layout_list&quot;:[],&quot;_ob_use_container_extras&quot;:&quot;no&quot;,&quot;_ob_column_hoveranimator&quot;:&quot;no&quot;,&quot;_ob_glider_is_slider&quot;:&quot;no&quot;,&quot;_ob_column_has_pseudo&quot;:&quot;no&quot;}\">\n\t\t\t\t\t<div class=\"e-con-inner\">\n\t\t\t\t<div class=\"elementor-element elementor-element-5263ef4 ob-has-background-overlay elementor-widget elementor-widget-image\" data-id=\"5263ef4\" data-element_type=\"widget\" data-e-type=\"widget\" data-settings=\"{&quot;_ob_photomorph_use&quot;:&quot;no&quot;,&quot;_ob_perspektive_use&quot;:&quot;no&quot;,&quot;_ob_poopart_use&quot;:&quot;yes&quot;,&quot;_ob_shadough_use&quot;:&quot;no&quot;,&quot;_ob_allow_hoveranimator&quot;:&quot;no&quot;,&quot;_ob_widget_stalker_use&quot;:&quot;no&quot;}\" data-widget_type=\"image.default\">\n\t\t\t\t<div class=\"elementor-widget-container\">\n\t\t\t\t\t\t\t\t\t\t\t\t\t\t\t<img decoding=\"async\" width=\"100\" height=\"100\" src=\"https:\/\/spreitzer.de\/wp-content\/uploads\/2019\/12\/Icon-Ueber-uns.png\" class=\"attachment-large size-large wp-image-49386\" alt=\"Spreitzer Gosheim Ueber uns Icon\" srcset=\"https:\/\/spreitzer.de\/wp-content\/uploads\/2019\/12\/Icon-Ueber-uns.png 100w, https:\/\/spreitzer.de\/wp-content\/uploads\/2019\/12\/Icon-Ueber-uns-66x66.png 66w\" sizes=\"(max-width: 100px) 100vw, 100px\">\t\t\t\t\t\t\t\t\t\t\t\t\t\t\t<\/div>\n\t\t\t\t<\/div>\n\t\t<div class=\"elementor-element elementor-element-8a9dc21 e-con-full e-flex e-con e-child\" data-id=\"8a9dc21\" data-element_type=\"container\" data-e-type=\"container\" data-settings=\"{&quot;jet_parallax_layout_list&quot;:[],&quot;_ob_use_container_extras&quot;:&quot;no&quot;,&quot;_ob_column_hoveranimator&quot;:&quot;no&quot;,&quot;_ob_glider_is_slider&quot;:&quot;no&quot;,&quot;_ob_column_has_pseudo&quot;:&quot;no&quot;}\">\n\t\t\t\t<div class=\"elementor-element elementor-element-5a461f0 ob-harakiri-inherit ob-has-background-overlay elementor-widget elementor-widget-heading\" data-id=\"5a461f0\" data-element_type=\"widget\" data-e-type=\"widget\" data-settings=\"{&quot;_ob_use_harakiri&quot;:&quot;yes&quot;,&quot;_ob_harakiri_writing_mode&quot;:&quot;inherit&quot;,&quot;_ob_harakiri_text_clip&quot;:&quot;none&quot;,&quot;_ob_perspektive_use&quot;:&quot;no&quot;,&quot;_ob_poopart_use&quot;:&quot;yes&quot;,&quot;_ob_shadough_use&quot;:&quot;no&quot;,&quot;_ob_allow_hoveranimator&quot;:&quot;no&quot;,&quot;_ob_widget_stalker_use&quot;:&quot;no&quot;}\" data-widget_type=\"heading.default\">\n\t\t\t\t<div class=\"elementor-widget-container\">\n\t\t\t\t\t<h1 class=\"elementor-heading-title elementor-size-default\">Actualit\u00e9s chez Spreitzer<\/h1>\t\t\t\t<\/div>\n\t\t\t\t<\/div>\n\t\t\t\t<\/div>\n\t\t<div class=\"elementor-element elementor-element-87d338a e-con-full e-flex e-con e-child\" data-id=\"87d338a\" data-element_type=\"container\" data-e-type=\"container\" data-settings=\"{&quot;jet_parallax_layout_list&quot;:[],&quot;_ob_use_container_extras&quot;:&quot;no&quot;,&quot;_ob_column_hoveranimator&quot;:&quot;no&quot;,&quot;_ob_glider_is_slider&quot;:&quot;no&quot;,&quot;_ob_column_has_pseudo&quot;:&quot;no&quot;}\">\n\t\t\t\t<div class=\"elementor-element elementor-element-abcebfb elementor-cta--skin-classic elementor-animated-content elementor-bg-transform elementor-bg-transform-zoom-in ob-has-background-overlay elementor-widget elementor-widget-call-to-action\" data-id=\"abcebfb\" data-element_type=\"widget\" data-e-type=\"widget\" data-settings=\"{&quot;_ob_perspektive_use&quot;:&quot;no&quot;,&quot;_ob_poopart_use&quot;:&quot;yes&quot;,&quot;_ob_shadough_use&quot;:&quot;no&quot;,&quot;_ob_allow_hoveranimator&quot;:&quot;no&quot;,&quot;_ob_widget_stalker_use&quot;:&quot;no&quot;}\" data-widget_type=\"call-to-action.default\">\n\t\t\t\t<div class=\"elementor-widget-container\">\n\t\t\t\t\t\t\t<a class=\"elementor-cta\" href=\"https:\/\/spreitzer.de\/aktuelles\/messetermine\/\">\n\t\t\t\t\t\t\t<div class=\"elementor-cta__content\">\n\t\t\t\t\t\t\t\t\t<div class=\"elementor-content-item elementor-cta__content-item elementor-cta__image\">\n\t\t\t\t\t\t<img decoding=\"async\" width=\"100\" height=\"100\" src=\"https:\/\/spreitzer.de\/wp-content\/uploads\/2019\/12\/Icon-Termine-Messetermine.png\" class=\"attachment-thumbnail size-thumbnail wp-image-13932\" alt=\"Spreitzer Gosheim Termine Messetermine Icon\" srcset=\"https:\/\/spreitzer.de\/wp-content\/uploads\/2019\/12\/Icon-Termine-Messetermine.png 100w, https:\/\/spreitzer.de\/wp-content\/uploads\/2019\/12\/Icon-Termine-Messetermine-66x66.png 66w\" sizes=\"(max-width: 100px) 100vw, 100px\">\t\t\t\t\t<\/div>\n\t\t\t\t\n\t\t\t\t\t\t\t\t\t<h2 class=\"elementor-cta__title elementor-cta__content-item elementor-content-item\">\n\t\t\t\t\t\tDates des salons\t\t\t\t\t<\/h2>\n\t\t\t\t\n\t\t\t\t\n\t\t\t\t\t\t\t<\/div>\n\t\t\t\t\t\t<\/a>\n\t\t\t\t\t\t<\/div>\n\t\t\t\t<\/div>\n\t\t\t\t<div class=\"elementor-element elementor-element-a7c1536 elementor-widget-mobile__width-inherit elementor-cta--skin-classic elementor-animated-content elementor-bg-transform elementor-bg-transform-zoom-in ob-has-background-overlay elementor-widget elementor-widget-call-to-action\" data-id=\"a7c1536\" data-element_type=\"widget\" data-e-type=\"widget\" data-settings=\"{&quot;_ob_perspektive_use&quot;:&quot;no&quot;,&quot;_ob_poopart_use&quot;:&quot;yes&quot;,&quot;_ob_shadough_use&quot;:&quot;no&quot;,&quot;_ob_allow_hoveranimator&quot;:&quot;no&quot;,&quot;_ob_widget_stalker_use&quot;:&quot;no&quot;}\" data-widget_type=\"call-to-action.default\">\n\t\t\t\t<div class=\"elementor-widget-container\">\n\t\t\t\t\t\t\t<a class=\"elementor-cta\" href=\"https:\/\/spreitzer.de\/aktuelles\/newsletter\/\">\n\t\t\t\t\t\t\t<div class=\"elementor-cta__content\">\n\t\t\t\t\t\t\t\t\t<div class=\"elementor-content-item elementor-cta__content-item elementor-cta__image\">\n\t\t\t\t\t\t<img decoding=\"async\" width=\"100\" height=\"100\" src=\"https:\/\/spreitzer.de\/wp-content\/uploads\/2019\/12\/Icon-Newsletter.png\" class=\"attachment-thumbnail size-thumbnail wp-image-13691\" alt=\"Spreitzer Gosheim Newsletter Icon\" srcset=\"https:\/\/spreitzer.de\/wp-content\/uploads\/2019\/12\/Icon-Newsletter.png 100w, https:\/\/spreitzer.de\/wp-content\/uploads\/2019\/12\/Icon-Newsletter-66x66.png 66w\" sizes=\"(max-width: 100px) 100vw, 100px\">\t\t\t\t\t<\/div>\n\t\t\t\t\n\t\t\t\t\t\t\t\t\t<h2 class=\"elementor-cta__title elementor-cta__content-item elementor-content-item\">\n\t\t\t\t\t\tBulletin d'information\t\t\t\t\t<\/h2>\n\t\t\t\t\n\t\t\t\t\n\t\t\t\t\t\t\t<\/div>\n\t\t\t\t\t\t<\/a>\n\t\t\t\t\t\t<\/div>\n\t\t\t\t<\/div>\n\t\t\t\t<\/div>\n\t\t\t\t\t<\/div>\n\t\t\t\t<\/div>\n\t\t<div class=\"elementor-element elementor-element-4c74558 e-flex e-con-boxed e-con e-parent\" data-id=\"4c74558\" data-element_type=\"container\" data-e-type=\"container\" data-settings=\"{&quot;jet_parallax_layout_list&quot;:[],&quot;_ob_use_container_extras&quot;:&quot;no&quot;,&quot;_ob_column_hoveranimator&quot;:&quot;no&quot;,&quot;_ob_glider_is_slider&quot;:&quot;no&quot;,&quot;_ob_column_has_pseudo&quot;:&quot;no&quot;}\">\n\t\t\t\t\t<div class=\"e-con-inner\">\n\t\t\t\t<div class=\"elementor-element elementor-element-028e804 ob-harakiri-inherit ob-has-background-overlay elementor-widget elementor-widget-heading\" data-id=\"028e804\" data-element_type=\"widget\" data-e-type=\"widget\" data-settings=\"{&quot;_ob_use_harakiri&quot;:&quot;yes&quot;,&quot;_ob_harakiri_writing_mode&quot;:&quot;inherit&quot;,&quot;_ob_harakiri_text_clip&quot;:&quot;none&quot;,&quot;_ob_perspektive_use&quot;:&quot;no&quot;,&quot;_ob_poopart_use&quot;:&quot;yes&quot;,&quot;_ob_shadough_use&quot;:&quot;no&quot;,&quot;_ob_allow_hoveranimator&quot;:&quot;no&quot;,&quot;_ob_widget_stalker_use&quot;:&quot;no&quot;}\" data-widget_type=\"heading.default\">\n\t\t\t\t<div class=\"elementor-widget-container\">\n\t\t\t\t\t<h2 class=\"elementor-heading-title elementor-size-default\">\u00c9v\u00e9nements<\/h2>\t\t\t\t<\/div>\n\t\t\t\t<\/div>\n\t\t\t\t<div class=\"elementor-element elementor-element-fdf92a5 ob-has-background-overlay elementor-widget elementor-widget-jet-posts\" data-id=\"fdf92a5\" data-element_type=\"widget\" data-e-type=\"widget\" data-settings=\"{&quot;columns_mobile_extra&quot;:&quot;2&quot;,&quot;columns_mobile&quot;:&quot;1&quot;,&quot;columns&quot;:3,&quot;slides_to_scroll&quot;:&quot;1&quot;,&quot;_ob_perspektive_use&quot;:&quot;no&quot;,&quot;_ob_poopart_use&quot;:&quot;yes&quot;,&quot;_ob_shadough_use&quot;:&quot;no&quot;,&quot;_ob_allow_hoveranimator&quot;:&quot;no&quot;,&quot;_ob_widget_stalker_use&quot;:&quot;no&quot;}\" data-widget_type=\"jet-posts.default\">\n\t\t\t\t<div class=\"elementor-widget-container\">\n\t\t\t\t\t<div class=\"elementor-jet-posts jet-elements\"><div class=\"jet-posts col-row  jet-equal-cols\"><div class=\"jet-posts__item\">\n\t<div class=\"jet-posts__inner-box\"><div class=\"post-thumbnail\"><a href=\"https:\/\/spreitzer.de\/fr\/40-ans-de-spreitzer\/\" class=\"post-thumbnail__link\"><img loading=\"lazy\" decoding=\"async\" class=\"post-thumbnail__img wp-post-image\" src=\"https:\/\/spreitzer.de\/wp-content\/uploads\/2025\/01\/IMG_20231013_135848_resized_20231018_105518272-scaled-1-1024x768.jpg\" alt=\"40 ANS DE SPREITZER\" width=\"800\" height=\"600\"><\/a><\/div><div class=\"jet-posts__inner-content\"><h4 class=\"entry-title\"><a href=\"https:\/\/spreitzer.de\/fr\/40-ans-de-spreitzer\/\" target=\"_blank\">40 ANS DE SPREITZER<\/a><\/h4><div class=\"entry-excerpt\">En octobre 2023, nous avons f\u00eat\u00e9 notre 40e anniversaire d&rsquo;entreprise. Pour remercier notre personnel, nous avons cess\u00e9 de travailler pendant&hellip;<\/div><div class=\"jet-more-wrap\"><a href=\"https:\/\/spreitzer.de\/fr\/40-ans-de-spreitzer\/\" class=\"btn btn-primary elementor-button elementor-size-md jet-more\" target=\"_blank\"><span class=\"btn__text\">En savoir plus<\/span><\/a><\/div><\/div><\/div>\n<\/div>\n<div class=\"jet-posts__item\">\n\t<div class=\"jet-posts__inner-box\"><div class=\"post-thumbnail\"><a href=\"https:\/\/spreitzer.de\/fr\/visite-de-gf-machining-solutions-gmbh-a-schorndorf\/\" class=\"post-thumbnail__link\"><img loading=\"lazy\" decoding=\"async\" class=\"post-thumbnail__img wp-post-image\" src=\"https:\/\/spreitzer.de\/wp-content\/uploads\/2025\/01\/Spreitzer_bei_GF_machining_Schorndorf_2.jpg\" alt=\"Visite de GF Machining Solutions GmbH \u00e0 Schorndorf\" width=\"800\" height=\"600\"><\/a><\/div><div class=\"jet-posts__inner-content\"><h4 class=\"entry-title\"><a href=\"https:\/\/spreitzer.de\/fr\/visite-de-gf-machining-solutions-gmbh-a-schorndorf\/\" target=\"_blank\">Visite de GF Machining Solutions GmbH \u00e0 Schorndorf<\/a><\/h4><div class=\"entry-excerpt\">Les employ\u00e9s de Spreitzer s&rsquo;informent de premi\u00e8re main, dans le but de mettre en \u0153uvre une productivit\u00e9 et une utilisation&hellip;<\/div><div class=\"jet-more-wrap\"><a href=\"https:\/\/spreitzer.de\/fr\/visite-de-gf-machining-solutions-gmbh-a-schorndorf\/\" class=\"btn btn-primary elementor-button elementor-size-md jet-more\" target=\"_blank\"><span class=\"btn__text\">En savoir plus<\/span><\/a><\/div><\/div><\/div>\n<\/div>\n<div class=\"jet-posts__item\">\n\t<div class=\"jet-posts__inner-box\"><div class=\"post-thumbnail\"><a href=\"https:\/\/spreitzer.de\/fr\/portes-ouvertes-chiron-2023\/\" class=\"post-thumbnail__link\"><img loading=\"lazy\" decoding=\"async\" class=\"post-thumbnail__img wp-post-image\" src=\"https:\/\/spreitzer.de\/wp-content\/uploads\/2025\/01\/Chiron_open_House_2023_1-scaled-1-1024x768.jpg\" alt=\"Portes ouvertes CHIRON 2023\" width=\"800\" height=\"600\"><\/a><\/div><div class=\"jet-posts__inner-content\"><h4 class=\"entry-title\"><a href=\"https:\/\/spreitzer.de\/fr\/portes-ouvertes-chiron-2023\/\" target=\"_blank\">Portes ouvertes CHIRON 2023<\/a><\/h4><div class=\"entry-excerpt\">Cette ann\u00e9e encore, les portes ouvertes de CHIRON Group SE auront lieu \u00e0 Tuttlingen. Notre stand pr\u00e9sentera une s\u00e9lection d&rsquo;\u00e9taux&hellip;<\/div><div class=\"jet-more-wrap\"><a href=\"https:\/\/spreitzer.de\/fr\/portes-ouvertes-chiron-2023\/\" class=\"btn btn-primary elementor-button elementor-size-md jet-more\" target=\"_blank\"><span class=\"btn__text\">En savoir plus<\/span><\/a><\/div><\/div><\/div>\n<\/div>\n<div class=\"jet-posts__item\">\n\t<div class=\"jet-posts__inner-box\"><div class=\"post-thumbnail\"><a href=\"https:\/\/spreitzer.de\/fr\/control-2023\/\" class=\"post-thumbnail__link\"><img loading=\"lazy\" decoding=\"async\" class=\"post-thumbnail__img wp-post-image\" src=\"https:\/\/spreitzer.de\/wp-content\/uploads\/2025\/01\/Control_11_05_2023_6.jpg\" alt=\"CONTROL 2023\" width=\"768\" height=\"1024\"><\/a><\/div><div class=\"jet-posts__inner-content\"><h4 class=\"entry-title\"><a href=\"https:\/\/spreitzer.de\/fr\/control-2023\/\" target=\"_blank\">CONTROL 2023<\/a><\/h4><div class=\"entry-excerpt\">Nous avons \u00e9t\u00e9 tr\u00e8s heureux du grand int\u00e9r\u00eat suscit\u00e9 par notre syst\u00e8me de fixation innovant ALUMESS.easyloc, qui convient aussi bien&hellip;<\/div><div class=\"jet-more-wrap\"><a href=\"https:\/\/spreitzer.de\/fr\/control-2023\/\" class=\"btn btn-primary elementor-button elementor-size-md jet-more\" target=\"_blank\"><span class=\"btn__text\">En savoir plus<\/span><\/a><\/div><\/div><\/div>\n<\/div>\n<div class=\"jet-posts__item\">\n\t<div class=\"jet-posts__inner-box\"><div class=\"post-thumbnail\"><a href=\"https:\/\/spreitzer.de\/fr\/depart-de-m-norbert-schrenk\/\" class=\"post-thumbnail__link\"><img loading=\"lazy\" decoding=\"async\" class=\"post-thumbnail__img wp-post-image\" src=\"https:\/\/spreitzer.de\/wp-content\/uploads\/2025\/01\/Verabschiedung_Norbert_Schrenk-scaled-1-1024x768.jpg\" alt=\"D\u00e9part de M. Norbert Schrenk\" width=\"800\" height=\"600\"><\/a><\/div><div class=\"jet-posts__inner-content\"><h4 class=\"entry-title\"><a href=\"https:\/\/spreitzer.de\/fr\/depart-de-m-norbert-schrenk\/\" target=\"_blank\">D\u00e9part de M. Norbert Schrenk<\/a><\/h4><div class=\"entry-excerpt\">Le mardi 07.02.2023, nous avons pu dire adieu \u00e0 notre collaborateur de longue date, M. Norbert Schrenk, qui a pris&hellip;<\/div><div class=\"jet-more-wrap\"><a href=\"https:\/\/spreitzer.de\/fr\/depart-de-m-norbert-schrenk\/\" class=\"btn btn-primary elementor-button elementor-size-md jet-more\" target=\"_blank\"><span class=\"btn__text\">En savoir plus<\/span><\/a><\/div><\/div><\/div>\n<\/div>\n<div class=\"jet-posts__item\">\n\t<div class=\"jet-posts__inner-box\"><div class=\"post-thumbnail\"><a href=\"https:\/\/spreitzer.de\/fr\/fete-de-noel-2017\/\" class=\"post-thumbnail__link\"><img loading=\"lazy\" decoding=\"async\" class=\"post-thumbnail__img wp-post-image\" src=\"https:\/\/spreitzer.de\/wp-content\/uploads\/2025\/01\/Weihnachtsfeier_2017_3-scaled-1-1024x768.jpg\" alt=\"F\u00eate de No\u00ebl 2017\" width=\"800\" height=\"600\"><\/a><\/div><div class=\"jet-posts__inner-content\"><h4 class=\"entry-title\"><a href=\"https:\/\/spreitzer.de\/fr\/fete-de-noel-2017\/\" target=\"_blank\">F\u00eate de No\u00ebl 2017<\/a><\/h4><div class=\"jet-more-wrap\"><a href=\"https:\/\/spreitzer.de\/fr\/fete-de-noel-2017\/\" class=\"btn btn-primary elementor-button elementor-size-md jet-more\" target=\"_blank\"><span class=\"btn__text\">En savoir plus<\/span><\/a><\/div><\/div><\/div>\n<\/div>\n<div class=\"jet-posts__item\">\n\t<div class=\"jet-posts__inner-box\"><div class=\"post-thumbnail\"><a href=\"https:\/\/spreitzer.de\/fr\/excursion-dentreprise-au-musee-en-plein-air-2016\/\" class=\"post-thumbnail__link\"><img loading=\"lazy\" decoding=\"async\" class=\"post-thumbnail__img wp-post-image\" src=\"https:\/\/spreitzer.de\/wp-content\/uploads\/2025\/01\/Neuhausen_2016_20-scaled-1-1024x768.jpg\" alt=\"Excursion d&#039;entreprise au mus\u00e9e en plein air 2016\" width=\"800\" height=\"600\"><\/a><\/div><div class=\"jet-posts__inner-content\"><h4 class=\"entry-title\"><a href=\"https:\/\/spreitzer.de\/fr\/excursion-dentreprise-au-musee-en-plein-air-2016\/\" target=\"_blank\">Excursion d'entreprise au mus\u00e9e en plein air 2016<\/a><\/h4><div class=\"jet-more-wrap\"><a href=\"https:\/\/spreitzer.de\/fr\/excursion-dentreprise-au-musee-en-plein-air-2016\/\" class=\"btn btn-primary elementor-button elementor-size-md jet-more\" target=\"_blank\"><span class=\"btn__text\">En savoir plus<\/span><\/a><\/div><\/div><\/div>\n<\/div>\n<div class=\"jet-posts__item\">\n\t<div class=\"jet-posts__inner-box\"><div class=\"post-thumbnail\"><a href=\"https:\/\/spreitzer.de\/fr\/evenement-de-course-a-pied-neckarman-2016\/\" class=\"post-thumbnail__link\"><img loading=\"lazy\" decoding=\"async\" class=\"post-thumbnail__img wp-post-image\" src=\"https:\/\/spreitzer.de\/wp-content\/uploads\/2025\/01\/1_Eventsponsoring_2016-scaled-1-1024x768.jpg\" alt=\"\u00c9v\u00e9nement de course \u00e0 pied Neckarman 2016\" width=\"800\" height=\"600\"><\/a><\/div><div class=\"jet-posts__inner-content\"><h4 class=\"entry-title\"><a href=\"https:\/\/spreitzer.de\/fr\/evenement-de-course-a-pied-neckarman-2016\/\" target=\"_blank\">\u00c9v\u00e9nement de course \u00e0 pied Neckarman 2016<\/a><\/h4><div class=\"jet-more-wrap\"><a href=\"https:\/\/spreitzer.de\/fr\/evenement-de-course-a-pied-neckarman-2016\/\" class=\"btn btn-primary elementor-button elementor-size-md jet-more\" target=\"_blank\"><span class=\"btn__text\">En savoir plus<\/span><\/a><\/div><\/div><\/div>\n<\/div>\n<div class=\"jet-posts__item\">\n\t<div class=\"jet-posts__inner-box\"><div class=\"post-thumbnail\"><a href=\"https:\/\/spreitzer.de\/fr\/evenement-de-sponsoring-ecole-erwin-teufel-de-spaichingen-2015\/\" class=\"post-thumbnail__link\"><img loading=\"lazy\" decoding=\"async\" class=\"post-thumbnail__img wp-post-image\" src=\"https:\/\/spreitzer.de\/wp-content\/uploads\/2025\/01\/Spender_Erwin_Teufel_Schule_2015-scaled-1-1024x576.jpg\" alt=\"\u00c9v\u00e9nement de sponsoring, \u00c9cole Erwin Teufel de Spaichingen 2015\" width=\"800\" height=\"450\"><\/a><\/div><div class=\"jet-posts__inner-content\"><h4 class=\"entry-title\"><a href=\"https:\/\/spreitzer.de\/fr\/evenement-de-sponsoring-ecole-erwin-teufel-de-spaichingen-2015\/\" target=\"_blank\">\u00c9v\u00e9nement de sponsoring, \u00c9cole Erwin Teufel de Spaichingen 2015<\/a><\/h4><div class=\"jet-more-wrap\"><a href=\"https:\/\/spreitzer.de\/fr\/evenement-de-sponsoring-ecole-erwin-teufel-de-spaichingen-2015\/\" class=\"btn btn-primary elementor-button elementor-size-md jet-more\" target=\"_blank\"><span class=\"btn__text\">En savoir plus<\/span><\/a><\/div><\/div><\/div>\n<\/div>\n<div class=\"jet-posts__item\">\n\t<div class=\"jet-posts__inner-box\"><div class=\"post-thumbnail\"><a href=\"https:\/\/spreitzer.de\/fr\/visite-de-la-brasserie-hirsch-a-wurmlingen-en-2015\/\" class=\"post-thumbnail__link\"><img loading=\"lazy\" decoding=\"async\" class=\"post-thumbnail__img wp-post-image\" src=\"https:\/\/spreitzer.de\/wp-content\/uploads\/2025\/01\/Hirschbrauerei_2015_4-scaled-1-1024x768.jpg\" alt=\"Visite de la brasserie Hirsch \u00e0 Wurmlingen en 2015\" width=\"800\" height=\"600\"><\/a><\/div><div class=\"jet-posts__inner-content\"><h4 class=\"entry-title\"><a href=\"https:\/\/spreitzer.de\/fr\/visite-de-la-brasserie-hirsch-a-wurmlingen-en-2015\/\" target=\"_blank\">Visite de la brasserie Hirsch \u00e0 Wurmlingen en 2015<\/a><\/h4><div class=\"jet-more-wrap\"><a href=\"https:\/\/spreitzer.de\/fr\/visite-de-la-brasserie-hirsch-a-wurmlingen-en-2015\/\" class=\"btn btn-primary elementor-button elementor-size-md jet-more\" target=\"_blank\"><span class=\"btn__text\">En savoir plus<\/span><\/a><\/div><\/div><\/div>\n<\/div>\n<div class=\"jet-posts__item\">\n\t<div class=\"jet-posts__inner-box\"><div class=\"post-thumbnail\"><a href=\"https:\/\/spreitzer.de\/fr\/visite-du-parc-de-loisirs-de-mahlstetten-2015\/\" class=\"post-thumbnail__link\"><img loading=\"lazy\" decoding=\"async\" class=\"post-thumbnail__img wp-post-image\" src=\"https:\/\/spreitzer.de\/wp-content\/uploads\/2025\/01\/Freizeitpark_Mahlstetten_2015_7-scaled-1-1024x768.jpg\" alt=\"Visite du parc de loisirs de Mahlstetten 2015\" width=\"800\" height=\"600\"><\/a><\/div><div class=\"jet-posts__inner-content\"><h4 class=\"entry-title\"><a href=\"https:\/\/spreitzer.de\/fr\/visite-du-parc-de-loisirs-de-mahlstetten-2015\/\" target=\"_blank\">Visite du parc de loisirs de Mahlstetten 2015<\/a><\/h4><div class=\"jet-more-wrap\"><a href=\"https:\/\/spreitzer.de\/fr\/visite-du-parc-de-loisirs-de-mahlstetten-2015\/\" class=\"btn btn-primary elementor-button elementor-size-md jet-more\" target=\"_blank\"><span class=\"btn__text\">En savoir plus<\/span><\/a><\/div><\/div><\/div>\n<\/div>\n<div class=\"jet-posts__item\">\n\t<div class=\"jet-posts__inner-box\"><div class=\"post-thumbnail\"><a href=\"https:\/\/spreitzer.de\/fr\/fete-de-lete-2014\/\" class=\"post-thumbnail__link\"><img loading=\"lazy\" decoding=\"async\" class=\"post-thumbnail__img wp-post-image\" src=\"https:\/\/spreitzer.de\/wp-content\/uploads\/2025\/01\/Sommerfest_2014_8-scaled-1-1024x680.jpg\" alt=\"F\u00eate de l&#039;\u00e9t\u00e9 2014\" width=\"800\" height=\"531\"><\/a><\/div><div class=\"jet-posts__inner-content\"><h4 class=\"entry-title\"><a href=\"https:\/\/spreitzer.de\/fr\/fete-de-lete-2014\/\" target=\"_blank\">F\u00eate de l'\u00e9t\u00e9 2014<\/a><\/h4><div class=\"jet-more-wrap\"><a href=\"https:\/\/spreitzer.de\/fr\/fete-de-lete-2014\/\" class=\"btn btn-primary elementor-button elementor-size-md jet-more\" target=\"_blank\"><span class=\"btn__text\">En savoir plus<\/span><\/a><\/div><\/div><\/div>\n<\/div>\n<div class=\"jet-posts__item\">\n\t<div class=\"jet-posts__inner-box\"><div class=\"post-thumbnail\"><a href=\"https:\/\/spreitzer.de\/fr\/excursion-dentreprise-a-bodman-2013\/\" class=\"post-thumbnail__link\"><img loading=\"lazy\" decoding=\"async\" class=\"post-thumbnail__img wp-post-image\" src=\"https:\/\/spreitzer.de\/wp-content\/uploads\/2025\/01\/Bodman_2013_8-scaled-1-1024x768.jpg\" alt=\"Excursion d&#039;entreprise \u00e0 Bodman 2013\" width=\"800\" height=\"600\"><\/a><\/div><div class=\"jet-posts__inner-content\"><h4 class=\"entry-title\"><a href=\"https:\/\/spreitzer.de\/fr\/excursion-dentreprise-a-bodman-2013\/\" target=\"_blank\">Excursion d'entreprise \u00e0 Bodman 2013<\/a><\/h4><div class=\"jet-more-wrap\"><a href=\"https:\/\/spreitzer.de\/fr\/excursion-dentreprise-a-bodman-2013\/\" class=\"btn btn-primary elementor-button elementor-size-md jet-more\" target=\"_blank\"><span class=\"btn__text\">En savoir plus<\/span><\/a><\/div><\/div><\/div>\n<\/div>\n<\/div>\n<\/div>\t\t\t\t<\/div>\n\t\t\t\t<\/div>\n\t\t\t\t\t<\/div>\n\t\t\t\t<\/div>\n\t\t\t\t<\/div>\n\t\t","protected":false},"excerpt":{"rendered":"<p>Actualit\u00e9s chez Spreitzer Dates des salons Bulletin d&rsquo;information \u00c9v\u00e9nements 40 JAHRE SPREITZER Im Oktober 2023 feierten wir unser 40-j\u00e4hriges Firmenjubil\u00e4um. Als Dankesch\u00f6n an unsere Belegschaft, haben wir einen Tag die Arbeit ruhen&hellip;En savoir plus Besuch bei GF Machining Solutions GmbH in Schorndorf Spreitzer Mitarbeiter informieren sich aus erster Hand, mit dem Ziel zuk\u00fcnftig eine h\u00f6here [&hellip;]<\/p>\n","protected":false},"author":14,"featured_media":0,"parent":0,"menu_order":1200,"comment_status":"closed","ping_status":"closed","template":"","meta":{"footnotes":""},"class_list":["post-46342","page","type-page","status-publish","hentry"],"_links":{"self":[{"href":"https:\/\/spreitzer.de\/fr\/wp-json\/wp\/v2\/pages\/46342","targetHints":{"allow":["GET"]}}],"collection":[{"href":"https:\/\/spreitzer.de\/fr\/wp-json\/wp\/v2\/pages"}],"about":[{"href":"https:\/\/spreitzer.de\/fr\/wp-json\/wp\/v2\/types\/page"}],"author":[{"embeddable":true,"href":"https:\/\/spreitzer.de\/fr\/wp-json\/wp\/v2\/users\/14"}],"replies":[{"embeddable":true,"href":"https:\/\/spreitzer.de\/fr\/wp-json\/wp\/v2\/comments?post=46342"}],"version-history":[{"count":1,"href":"https:\/\/spreitzer.de\/fr\/wp-json\/wp\/v2\/pages\/46342\/revisions"}],"predecessor-version":[{"id":46344,"href":"https:\/\/spreitzer.de\/fr\/wp-json\/wp\/v2\/pages\/46342\/revisions\/46344"}],"wp:attachment":[{"href":"https:\/\/spreitzer.de\/fr\/wp-json\/wp\/v2\/media?parent=46342"}],"curies":[{"name":"wp","href":"https:\/\/api.w.org\/{rel}","templated":true}]}}