{"id":46853,"date":"2019-06-11T13:29:31","date_gmt":"2019-06-11T11:29:31","guid":{"rendered":"https:\/\/spreitzer.de\/contacta-con-nosotros-2\/"},"modified":"2025-12-03T16:10:33","modified_gmt":"2025-12-03T15:10:33","slug":"contacta-con-nosotros-2","status":"publish","type":"page","link":"https:\/\/spreitzer.de\/es\/contacta-con-nosotros-2\/","title":{"rendered":"Contacta con nosotros"},"content":{"rendered":"\t\t<div data-elementor-type=\"wp-page\" data-elementor-id=\"46853\" class=\"elementor elementor-46853 elementor-13272\" data-elementor-post-type=\"page\">\n\t\t\t\t<div class=\"elementor-element elementor-element-4a7dc1c e-flex e-con-boxed e-con e-parent\" data-id=\"4a7dc1c\" data-element_type=\"container\" data-e-type=\"container\" data-settings=\"{&quot;jet_parallax_layout_list&quot;:[],&quot;_ob_use_container_extras&quot;:&quot;no&quot;,&quot;_ob_column_hoveranimator&quot;:&quot;no&quot;,&quot;_ob_glider_is_slider&quot;:&quot;no&quot;,&quot;_ob_column_has_pseudo&quot;:&quot;no&quot;}\">\n\t\t\t\t\t<div class=\"e-con-inner\">\n\t\t<div class=\"elementor-element elementor-element-a387e5f e-con-full e-flex e-con e-child\" data-id=\"a387e5f\" data-element_type=\"container\" data-e-type=\"container\" data-settings=\"{&quot;jet_parallax_layout_list&quot;:[],&quot;_ob_use_container_extras&quot;:&quot;no&quot;,&quot;_ob_column_hoveranimator&quot;:&quot;no&quot;,&quot;_ob_glider_is_slider&quot;:&quot;no&quot;,&quot;_ob_column_has_pseudo&quot;:&quot;no&quot;}\">\n\t\t\t\t<div class=\"elementor-element elementor-element-edc1b1e ob-has-background-overlay elementor-widget elementor-widget-image\" data-id=\"edc1b1e\" data-element_type=\"widget\" data-e-type=\"widget\" data-settings=\"{&quot;_ob_photomorph_use&quot;:&quot;no&quot;,&quot;_ob_perspektive_use&quot;:&quot;no&quot;,&quot;_ob_poopart_use&quot;:&quot;yes&quot;,&quot;_ob_shadough_use&quot;:&quot;no&quot;,&quot;_ob_allow_hoveranimator&quot;:&quot;no&quot;,&quot;_ob_widget_stalker_use&quot;:&quot;no&quot;}\" data-widget_type=\"image.default\">\n\t\t\t\t<div class=\"elementor-widget-container\">\n\t\t\t\t\t\t\t\t\t\t\t\t\t\t\t<img fetchpriority=\"high\" decoding=\"async\" width=\"800\" height=\"153\" src=\"https:\/\/spreitzer.de\/wp-content\/uploads\/2024\/06\/Spreitzer_Logo_2025-1.svg\" class=\"attachment-large size-large wp-image-51611\" alt=\"\" \/>\t\t\t\t\t\t\t\t\t\t\t\t\t\t\t<\/div>\n\t\t\t\t<\/div>\n\t\t\t\t<div class=\"elementor-element elementor-element-6fa028a ob-harakiri-inherit ob-has-background-overlay elementor-widget elementor-widget-text-editor\" data-id=\"6fa028a\" data-element_type=\"widget\" data-e-type=\"widget\" data-settings=\"{&quot;_ob_use_harakiri&quot;:&quot;yes&quot;,&quot;_ob_harakiri_writing_mode&quot;:&quot;inherit&quot;,&quot;_ob_postman_use&quot;:&quot;no&quot;,&quot;_ob_perspektive_use&quot;:&quot;no&quot;,&quot;_ob_poopart_use&quot;:&quot;yes&quot;,&quot;_ob_shadough_use&quot;:&quot;no&quot;,&quot;_ob_allow_hoveranimator&quot;:&quot;no&quot;,&quot;_ob_widget_stalker_use&quot;:&quot;no&quot;}\" data-widget_type=\"text-editor.default\">\n\t\t\t\t<div class=\"elementor-widget-container\">\n\t\t\t\t\t\t\t\t\t<div class=\"fusion-text fusion-text-1\"><p><strong>SPREITZER GmbH &amp; Co. KG<br><\/strong>Stuttgarter Stra\u00dfe 58<br>78628 Rottweil<\/p><p>Baden-W\u00fcrttemberg<br>Deutschland<\/p><p>Tel\u00e9fono +49 (0) 74 26 &#8211; 94 75 0<br>Fax +49 (0) 74 26 &#8211; 94 75 20<br><a href=\"mailto:info@spreitzer.de\">info@spreitzer.de<\/a><\/p><\/div><div class=\"fusion-text fusion-text-2\"><p><strong>venta<\/strong><br><a href=\"mailto:info@spreitzer.de\">info@spreitzer.de<\/a><\/p><p><strong>Administraci\u00f3n | Contabilidad<\/strong><br><a href=\"mailto:office@spreitzer.de\">office@spreitzer.de<\/a><\/p><p><strong>Compras<\/strong><br><a href=\"mailto:einkauf@spreitzer.de\">einkauf@spreitzer.de<\/a><\/p><\/div><div class=\"fusion-text fusion-text-3\"><p>H<strong>orario de apertura<\/strong><br>Lunes &#8211; Viernes<br>07.30 &#8211; 12.00<br>13.00 &#8211; 17.00<\/p><\/div>\t\t\t\t\t\t\t\t<\/div>\n\t\t\t\t<\/div>\n\t\t\t\t<\/div>\n\t\t<div class=\"elementor-element elementor-element-8a6b32c e-con-full e-flex e-con e-child\" data-id=\"8a6b32c\" data-element_type=\"container\" data-e-type=\"container\" data-settings=\"{&quot;jet_parallax_layout_list&quot;:[],&quot;_ob_use_container_extras&quot;:&quot;no&quot;,&quot;_ob_column_hoveranimator&quot;:&quot;no&quot;,&quot;_ob_glider_is_slider&quot;:&quot;no&quot;,&quot;_ob_column_has_pseudo&quot;:&quot;no&quot;}\">\n\t\t\t\t<div class=\"elementor-element elementor-element-ab3889e ob-harakiri-inherit ob-has-background-overlay elementor-widget elementor-widget-heading\" data-id=\"ab3889e\" data-element_type=\"widget\" data-e-type=\"widget\" data-settings=\"{&quot;_ob_use_harakiri&quot;:&quot;yes&quot;,&quot;_ob_harakiri_writing_mode&quot;:&quot;inherit&quot;,&quot;_ob_harakiri_text_clip&quot;:&quot;none&quot;,&quot;_ob_perspektive_use&quot;:&quot;no&quot;,&quot;_ob_poopart_use&quot;:&quot;yes&quot;,&quot;_ob_shadough_use&quot;:&quot;no&quot;,&quot;_ob_allow_hoveranimator&quot;:&quot;no&quot;,&quot;_ob_widget_stalker_use&quot;:&quot;no&quot;}\" data-widget_type=\"heading.default\">\n\t\t\t\t<div class=\"elementor-widget-container\">\n\t\t\t\t\t<h2 class=\"elementor-heading-title elementor-size-default\">Gracias por ponerte en contacto con nosotros.<\/h2>\t\t\t\t<\/div>\n\t\t\t\t<\/div>\n\t\t\t\t<div class=\"elementor-element elementor-element-d231616 ob-harakiri-inherit ob-has-background-overlay elementor-widget elementor-widget-text-editor\" data-id=\"d231616\" data-element_type=\"widget\" data-e-type=\"widget\" data-settings=\"{&quot;_ob_use_harakiri&quot;:&quot;yes&quot;,&quot;_ob_harakiri_writing_mode&quot;:&quot;inherit&quot;,&quot;_ob_postman_use&quot;:&quot;no&quot;,&quot;_ob_perspektive_use&quot;:&quot;no&quot;,&quot;_ob_poopart_use&quot;:&quot;yes&quot;,&quot;_ob_shadough_use&quot;:&quot;no&quot;,&quot;_ob_allow_hoveranimator&quot;:&quot;no&quot;,&quot;_ob_widget_stalker_use&quot;:&quot;no&quot;}\" data-widget_type=\"text-editor.default\">\n\t\t\t\t<div class=\"elementor-widget-container\">\n\t\t\t\t\t\t\t\t\t<p>Hemos recibido tu consulta y la estamos procesando.<\/p><p>Recibir\u00e1s una confirmaci\u00f3n de tu consulta por correo electr\u00f3nico.<\/p>\t\t\t\t\t\t\t\t<\/div>\n\t\t\t\t<\/div>\n\t\t\t\t<div class=\"elementor-element elementor-element-fd4cb92 ob-has-background-overlay elementor-widget elementor-widget-button\" data-id=\"fd4cb92\" data-element_type=\"widget\" data-e-type=\"widget\" data-settings=\"{&quot;_ob_butterbutton_use_it&quot;:&quot;no&quot;,&quot;_ob_perspektive_use&quot;:&quot;no&quot;,&quot;_ob_poopart_use&quot;:&quot;yes&quot;,&quot;_ob_shadough_use&quot;:&quot;no&quot;,&quot;_ob_allow_hoveranimator&quot;:&quot;no&quot;,&quot;_ob_widget_stalker_use&quot;:&quot;no&quot;}\" data-widget_type=\"button.default\">\n\t\t\t\t<div class=\"elementor-widget-container\">\n\t\t\t\t\t\t\t\t\t<div class=\"elementor-button-wrapper\">\n\t\t\t\t\t<a class=\"elementor-button elementor-button-link elementor-size-sm\" href=\"https:\/\/spreitzer.de\/es\/contacta-con-nosotros\/\">\n\t\t\t\t\t\t<span class=\"elementor-button-content-wrapper\">\n\t\t\t\t\t\t\t\t\t<span class=\"elementor-button-text\">volver al formulario de contacto<\/span>\n\t\t\t\t\t<\/span>\n\t\t\t\t\t<\/a>\n\t\t\t\t<\/div>\n\t\t\t\t\t\t\t\t<\/div>\n\t\t\t\t<\/div>\n\t\t\t\t<\/div>\n\t\t\t\t\t<\/div>\n\t\t\t\t<\/div>\n\t\t\t\t<\/div>\n\t\t","protected":false},"excerpt":{"rendered":"<p>SPREITZER GmbH &amp; Co. KGStuttgarter Stra\u00dfe 5878628 Rottweil Baden-W\u00fcrttembergDeutschland Tel\u00e9fono +49 (0) 74 26 &#8211; 94 75 0Fax +49 (0) 74 26 &#8211; 94 75 20info@spreitzer.de ventainfo@spreitzer.de Administraci\u00f3n | Contabilidadoffice@spreitzer.de Compraseinkauf@spreitzer.de Horario de aperturaLunes &#8211; Viernes07.30 &#8211; 12.0013.00 &#8211; 17.00 Gracias por ponerte en contacto con nosotros. Hemos recibido tu consulta y la estamos procesando. [&hellip;]<\/p>\n","protected":false},"author":14,"featured_media":0,"parent":0,"menu_order":1410,"comment_status":"closed","ping_status":"closed","template":"","meta":{"footnotes":""},"class_list":["post-46853","page","type-page","status-publish","hentry"],"_links":{"self":[{"href":"https:\/\/spreitzer.de\/es\/wp-json\/wp\/v2\/pages\/46853","targetHints":{"allow":["GET"]}}],"collection":[{"href":"https:\/\/spreitzer.de\/es\/wp-json\/wp\/v2\/pages"}],"about":[{"href":"https:\/\/spreitzer.de\/es\/wp-json\/wp\/v2\/types\/page"}],"author":[{"embeddable":true,"href":"https:\/\/spreitzer.de\/es\/wp-json\/wp\/v2\/users\/14"}],"replies":[{"embeddable":true,"href":"https:\/\/spreitzer.de\/es\/wp-json\/wp\/v2\/comments?post=46853"}],"version-history":[{"count":2,"href":"https:\/\/spreitzer.de\/es\/wp-json\/wp\/v2\/pages\/46853\/revisions"}],"predecessor-version":[{"id":62032,"href":"https:\/\/spreitzer.de\/es\/wp-json\/wp\/v2\/pages\/46853\/revisions\/62032"}],"wp:attachment":[{"href":"https:\/\/spreitzer.de\/es\/wp-json\/wp\/v2\/media?parent=46853"}],"curies":[{"name":"wp","href":"https:\/\/api.w.org\/{rel}","templated":true}]}}