{"id":46354,"date":"2018-12-04T10:45:01","date_gmt":"2018-12-04T09:45:01","guid":{"rendered":"https:\/\/spreitzer.de\/pie-de-imprenta\/"},"modified":"2025-01-23T15:24:41","modified_gmt":"2025-01-23T14:24:41","slug":"pie-de-imprenta","status":"publish","type":"page","link":"https:\/\/spreitzer.de\/es\/pie-de-imprenta\/","title":{"rendered":"Pie de imprenta"},"content":{"rendered":"\t\t<div data-elementor-type=\"wp-page\" data-elementor-id=\"46354\" class=\"elementor elementor-46354 elementor-12075\" data-elementor-post-type=\"page\">\n\t\t\t\t<div class=\"elementor-element elementor-element-59d4be1 e-flex e-con-boxed e-con e-parent\" data-id=\"59d4be1\" data-element_type=\"container\" data-e-type=\"container\" data-settings=\"{&quot;jet_parallax_layout_list&quot;:[],&quot;_ob_use_container_extras&quot;:&quot;no&quot;,&quot;_ob_column_hoveranimator&quot;:&quot;no&quot;,&quot;_ob_glider_is_slider&quot;:&quot;no&quot;,&quot;_ob_column_has_pseudo&quot;:&quot;no&quot;}\">\n\t\t\t\t\t<div class=\"e-con-inner\">\n\t\t\t\t<div class=\"elementor-element elementor-element-b6f252b ob-has-background-overlay elementor-widget elementor-widget-erecht24\" data-id=\"b6f252b\" data-element_type=\"widget\" data-e-type=\"widget\" data-settings=\"{&quot;_ob_perspektive_use&quot;:&quot;no&quot;,&quot;_ob_poopart_use&quot;:&quot;yes&quot;,&quot;_ob_shadough_use&quot;:&quot;no&quot;,&quot;_ob_allow_hoveranimator&quot;:&quot;no&quot;,&quot;_ob_widget_stalker_use&quot;:&quot;no&quot;}\" data-widget_type=\"erecht24.default\">\n\t\t\t\t<div class=\"elementor-widget-container\">\n\t\t\t\t\t<div class=\"erecht24-elementor-widget\"><div style=\"word-wrap: break-word;\"><h1>Impressum<\/h1>\n\n<p>Spreitzer GmbH &amp; Co. KG<br \/>\nStuttgarter Stra&szlig;e 58<br \/>\n78628 Rottweil<\/p>\n\n<p>Handelsregister: Stuttgart<br \/>\nRegistergericht: HRA 460658<\/p>\n\n<p><strong>Vertreten durch:<\/strong><br \/>\nSpreitzer Verwaltungs-GmbH<\/p>\n\n<p>Diese vertreten durch:<br \/>\nMichael Spreitzer<\/p>\n\n<p>Handelsregister: HRB 460882<br \/>\nRegistergericht: Stuttgart<\/p>\n\n<h2>Kontakt<\/h2>\n<p>Telefon: +49 7426 \/ 9475-0<br \/>\nTelefax: +49 7426 \/ 9475-20<br \/>\nE-Mail: info@spreitzer.de<\/p>\n\n<h2>Umsatzsteuer-ID<\/h2>\n<p>Umsatzsteuer-Identifikationsnummer gem&auml;&szlig; &sect; 27 a Umsatzsteuergesetz:<br \/>\nDE230989085<\/p>\n\n<h2>Redaktionell verantwortlich<\/h2>\n<p>Michael Spreitzer<\/p>\n\n<h2>Verbraucher&shy;streit&shy;beilegung\/Universal&shy;schlichtungs&shy;stelle<\/h2>\n<p>Wir sind nicht bereit oder verpflichtet, an Streitbeilegungsverfahren vor einer Verbraucherschlichtungsstelle teilzunehmen.<\/p><\/div><\/div>\t\t\t\t<\/div>\n\t\t\t\t<\/div>\n\t\t\t\t\t<\/div>\n\t\t\t\t<\/div>\n\t\t<div class=\"elementor-element elementor-element-5cf532d e-flex e-con-boxed e-con e-parent\" data-id=\"5cf532d\" data-element_type=\"container\" data-e-type=\"container\" data-settings=\"{&quot;jet_parallax_layout_list&quot;:[],&quot;_ob_use_container_extras&quot;:&quot;no&quot;,&quot;_ob_column_hoveranimator&quot;:&quot;no&quot;,&quot;_ob_glider_is_slider&quot;:&quot;no&quot;,&quot;_ob_column_has_pseudo&quot;:&quot;no&quot;}\">\n\t\t\t\t\t<div class=\"e-con-inner\">\n\t\t\t\t<div class=\"elementor-element elementor-element-ab441d4 ob-harakiri-inherit ob-has-background-overlay elementor-widget elementor-widget-text-editor\" data-id=\"ab441d4\" data-element_type=\"widget\" data-e-type=\"widget\" data-settings=\"{&quot;_ob_use_harakiri&quot;:&quot;yes&quot;,&quot;_ob_harakiri_writing_mode&quot;:&quot;inherit&quot;,&quot;_ob_postman_use&quot;:&quot;no&quot;,&quot;_ob_perspektive_use&quot;:&quot;no&quot;,&quot;_ob_poopart_use&quot;:&quot;yes&quot;,&quot;_ob_shadough_use&quot;:&quot;no&quot;,&quot;_ob_allow_hoveranimator&quot;:&quot;no&quot;,&quot;_ob_widget_stalker_use&quot;:&quot;no&quot;}\" data-widget_type=\"text-editor.default\">\n\t\t\t\t<div class=\"elementor-widget-container\">\n\t\t\t\t\t\t\t\t\t<p>Spreitzer GmbH &amp; Co KG<\/p>\n<p>Fotograf\u00eda: Nico Pudimat | <a href=\"http:\/\/www.nicopudimat.de\/\" target=\"_blank\" rel=\"noopener\">www.nicopudimat.de<\/a><\/p>\n<p>\u00a9 Adobe Stock:<\/p>\n<ul>\n<li>B\u00fasqueda robotizada &#8211; De <a href=\"https:\/\/stock.adobe.com\/de\/contributor\/200497737\/way4arer?load_type=author&amp;prev_url=detail\" target=\"_blank\" rel=\"noopener\">way4arer<\/a><\/li>\n<li>Tel\u00e9fono con mano rob\u00f3tica &#8211; By <a href=\"https:\/\/stock.adobe.com\/de\/contributor\/200631788\/zentilia?load_type=author&amp;prev_url=detail\" target=\"_blank\" rel=\"noopener\">zentilia<\/a><\/li>\n<li>Robot masculino pensando en algo. &#8211; Por <a href=\"https:\/\/stock.adobe.com\/de\/contributor\/201423\/sarah-holmlund?load_type=author&amp;prev_url=detail\" target=\"_blank\" rel=\"noopener\">Sarah Holmlund<\/a> <\/li>\n<li>Mujer robot sosteniendo un girasol. &#8211; Por <a href=\"https:\/\/stock.adobe.com\/de\/contributor\/201423\/sarah-holmlund?load_type=author&amp;prev_url=detail\" target=\"_blank\" rel=\"noopener\">Sarah Holmlund<\/a> <\/li>\n<li>Cabecera &#8211; Banner &#8211; Por <a href=\"https:\/\/stock.adobe.com\/de\/contributor\/201203914\/philipp-schilli?load_type=author&amp;prev_url=detail\" target=\"_blank\" rel=\"noopener\">Philipp Schilli<\/a><\/li>\n<li>robot android concepto de velocidad de carrera &#8211; Por <a href=\"https:\/\/stock.adobe.com\/de\/contributor\/200467333\/jim?load_type=author&amp;prev_url=detail\" target=\"_blank\" rel=\"noopener\">jim<\/a><\/li>\n<li>mano rob\u00f3tica y mariposa &#8211; Por <a href=\"https:\/\/stock.adobe.com\/de\/contributor\/200467333\/jim?load_type=author&amp;prev_url=detail\" target=\"_blank\" rel=\"noopener\">jim<\/a><\/li>\n<li>Mujer robot meditando. &#8211; Por <a href=\"https:\/\/stock.adobe.com\/de\/contributor\/201423\/sarah-holmlund?load_type=author&amp;prev_url=detail\" target=\"_blank\" rel=\"noopener\">Sarah Holmlund<\/a> <\/li>\n<li>Collage de robots masculinos. &#8211; Por <a href=\"https:\/\/stock.adobe.com\/de\/contributor\/201423\/sarah-holmlund?load_type=author&amp;prev_url=detail\" target=\"_blank\" rel=\"noopener\">Sarah Holmlund<\/a> <\/li>\n<li>Hombre robot en pose pensante. &#8211; Por <a href=\"https:\/\/stock.adobe.com\/de\/contributor\/201423\/sarah-holmlund?load_type=author&amp;prev_url=detail\" target=\"_blank\" rel=\"noopener\">Sarah Holmlund<\/a> <\/li>\n<li>Ni\u00f1o jugando con jet pack &#8211; Por <a href=\"https:\/\/stock.adobe.com\/de\/contributor\/201237246\/sunny-studio?load_type=author&amp;prev_url=detail\" target=\"_blank\" rel=\"noopener\">Sunny studio<\/a><\/li>\n<li>Manos Humanas y Robot Alcanzando Inteligencia Artificial Concepto Ilustraci\u00f3n 3d &#8211; Por <a href=\"https:\/\/stock.adobe.com\/de\/contributor\/204147767\/sergey?load_type=author&amp;prev_url=detail\" target=\"_blank\" rel=\"noopener\">Sergey<\/a><\/li>\n<li>Concepto tecnol\u00f3gico abstracto. Ilustraci\u00f3n 3D &#8211; De <a href=\"https:\/\/stock.adobe.com\/de\/contributor\/328527\/graphiccompressor?load_type=author&amp;prev_url=detail\" target=\"_blank\" rel=\"noopener\">GraphicCompressor<\/a> <\/li>\n<li>Hombre sobre cohete &#8211; De <a href=\"https:\/\/stock.adobe.com\/de\/contributor\/200945821\/lassedesignen?load_type=author&amp;prev_url=detail\" target=\"_blank\" rel=\"noopener\">lassedesignen<\/a><\/li>\n<li>Trabajador industrial suelda un coche en una f\u00e1brica &#8211; Por <a href=\"https:\/\/stock.adobe.com\/de\/contributor\/206356612\/bobo1980?load_type=author&amp;prev_url=detail\" target=\"_blank\" rel=\"noopener\">bobo1980<\/a><\/li>\n<li>Peri\u00f3dico con mano rob\u00f3tica &#8211; Por <a href=\"https:\/\/stock.adobe.com\/de\/contributor\/206525000\/talaj?load_type=author&amp;prev_url=detail\" target=\"_blank\" rel=\"noopener\">Talaj<\/a><\/li>\n<li>Dedo ciborg blanco a punto de tocar dedo humano renderizado en 3D &#8211; Por <a href=\"https:\/\/stock.adobe.com\/de\/contributor\/201258068\/sdecoret?load_type=author&amp;prev_url=detail\" target=\"_blank\" rel=\"noopener\">sdecoret<\/a><\/li>\n<li>Laboratorio de metrolog\u00eda en una gran industria italiana &#8211; Por <a href=\"https:\/\/stock.adobe.com\/de\/contributor\/207174907\/%E5%AE%89%E7%90%A6-%E7%8E%8B?load_type=author&amp;prev_url=detail\" target=\"_blank\" rel=\"noopener\">\u5b89\u7426 \u738b<\/a><\/li>\n<li>Chapa de plata &#8211; De <a href=\"https:\/\/stock.adobe.com\/de\/contributor\/203619903\/scenery1?load_type=author&amp;prev_url=detail\" target=\"_blank\" rel=\"noopener\">escenograf\u00eda1<\/a><\/li>\n<li>Corte por l\u00e1ser CNC de metal, tecnolog\u00eda industrial moderna. &#8211; Por <a href=\"https:\/\/stock.adobe.com\/de\/contributor\/36363\/andrey-armyagov?load_type=author&amp;prev_url=detail\" target=\"_blank\" rel=\"noopener\">Andrey Armyagov<\/a> <\/li>\n<li>Textura de metal pulido. &#8211; De <a href=\"https:\/\/stock.adobe.com\/de\/contributor\/201373819\/cobalt?load_type=author&amp;prev_url=detail\" target=\"_blank\" rel=\"noopener\">cobalto <\/a>  <\/li>\n<li>Cartel publicitario entre la multitud en un acto &#8211; Por <span class=\"blue bleu-de-france-text\" data-t=\"detail-panel-content-author-name\"><a class=\"blue bleu-de-france-text\" href=\"https:\/\/stock.adobe.com\/de\/contributor\/200576396\/robert-kneschke?load_type=author&amp;prev_url=detail\" target=\"_blank\" rel=\"noopener\">Robert Kneschke<\/a><\/span><\/li>\n<li>Brazo masculino muestra OK o confirmar durante conferencia en oficina primer plano. Producto de alto nivel y calidad ofrecen expresi\u00f3n de s\u00edmbolo de OK soluci\u00f3n de mediaci\u00f3n perfecta cliente feliz asesor creativo participar &#8211; Por <a class=\"blue bleu-de-france-text js-contributor-link\" href=\"https:\/\/stock.adobe.com\/de\/contributor\/209048417\/h-ko?load_type=author&amp;prev_url=detail\" target=\"_blank\" rel=\"noopener\" data-ingest-clicktype=\"details-contributor-link\">H_Ko<\/a> <\/li>\n<li>Carro y furgoneta fuera del almac\u00e9n &#8211; Del <a href=\"https:\/\/stock.adobe.com\/de\/contributor\/201599917\/moodboard?load_type=author&amp;prev_url=detail\" target=\"_blank\" rel=\"noopener\">moodboard<\/a><\/li>\n<li>Hora punta en Tr\u00e1fico &#8211; Por <a href=\"https:\/\/stock.adobe.com\/de\/contributor\/204620286\/ellisia?load_type=author&amp;prev_url=detail&amp;asset_id=420789380\" target=\"_blank\" rel=\"noopener\">ellisia<\/a><\/li>\n<\/ul>\n\t\t\t\t\t\t\t\t<\/div>\n\t\t\t\t<\/div>\n\t\t\t\t\t<\/div>\n\t\t\t\t<\/div>\n\t\t\t\t<\/div>\n\t\t","protected":false},"excerpt":{"rendered":"<p>Impressum Spreitzer GmbH &amp; Co. KG Br&uuml;cklestr. 21 78559 Gosheim Handelsregister: Tuttlingen Registergericht: HRA 658 Sp \/ HRB 882 Sp Vertreten durch: Spreitzer GmbH &amp; Co. KG Diese vertreten durch: Michael Spreitzer Handelsregister: HRA 658 Sp \/ HRB 882 Sp Registergericht: Tuttlingen Kontakt Telefon: +49 7426 \/ 9475-0 Telefax: +49 7426 \/ 9475-20 E-Mail: info@spreitzer.de [&hellip;]<\/p>\n","protected":false},"author":14,"featured_media":0,"parent":0,"menu_order":10000,"comment_status":"closed","ping_status":"closed","template":"","meta":{"footnotes":""},"class_list":["post-46354","page","type-page","status-publish","hentry"],"_links":{"self":[{"href":"https:\/\/spreitzer.de\/es\/wp-json\/wp\/v2\/pages\/46354","targetHints":{"allow":["GET"]}}],"collection":[{"href":"https:\/\/spreitzer.de\/es\/wp-json\/wp\/v2\/pages"}],"about":[{"href":"https:\/\/spreitzer.de\/es\/wp-json\/wp\/v2\/types\/page"}],"author":[{"embeddable":true,"href":"https:\/\/spreitzer.de\/es\/wp-json\/wp\/v2\/users\/14"}],"replies":[{"embeddable":true,"href":"https:\/\/spreitzer.de\/es\/wp-json\/wp\/v2\/comments?post=46354"}],"version-history":[{"count":1,"href":"https:\/\/spreitzer.de\/es\/wp-json\/wp\/v2\/pages\/46354\/revisions"}],"predecessor-version":[{"id":46356,"href":"https:\/\/spreitzer.de\/es\/wp-json\/wp\/v2\/pages\/46354\/revisions\/46356"}],"wp:attachment":[{"href":"https:\/\/spreitzer.de\/es\/wp-json\/wp\/v2\/media?parent=46354"}],"curies":[{"name":"wp","href":"https:\/\/api.w.org\/{rel}","templated":true}]}}