{"id":46343,"date":"2018-06-08T22:48:59","date_gmt":"2018-06-08T20:48:59","guid":{"rendered":"https:\/\/spreitzer.de\/ultimas-noticias\/"},"modified":"2025-01-23T15:24:32","modified_gmt":"2025-01-23T14:24:32","slug":"ultimas-noticias","status":"publish","type":"page","link":"https:\/\/spreitzer.de\/es\/ultimas-noticias\/","title":{"rendered":"\u00daltimas noticias"},"content":{"rendered":"\t\t<div data-elementor-type=\"wp-page\" data-elementor-id=\"46343\" class=\"elementor elementor-46343 elementor-11928\" data-elementor-post-type=\"page\">\n\t\t\t\t<div class=\"elementor-element elementor-element-d52067a e-flex e-con-boxed e-con e-parent\" data-id=\"d52067a\" data-element_type=\"container\" data-e-type=\"container\" data-settings=\"{&quot;jet_parallax_layout_list&quot;:[],&quot;_ob_use_container_extras&quot;:&quot;no&quot;,&quot;_ob_column_hoveranimator&quot;:&quot;no&quot;,&quot;_ob_glider_is_slider&quot;:&quot;no&quot;,&quot;_ob_column_has_pseudo&quot;:&quot;no&quot;}\">\n\t\t\t\t\t<div class=\"e-con-inner\">\n\t\t\t\t<div class=\"elementor-element elementor-element-5263ef4 ob-has-background-overlay elementor-widget elementor-widget-image\" data-id=\"5263ef4\" data-element_type=\"widget\" data-e-type=\"widget\" data-settings=\"{&quot;_ob_photomorph_use&quot;:&quot;no&quot;,&quot;_ob_perspektive_use&quot;:&quot;no&quot;,&quot;_ob_poopart_use&quot;:&quot;yes&quot;,&quot;_ob_shadough_use&quot;:&quot;no&quot;,&quot;_ob_allow_hoveranimator&quot;:&quot;no&quot;,&quot;_ob_widget_stalker_use&quot;:&quot;no&quot;}\" data-widget_type=\"image.default\">\n\t\t\t\t<div class=\"elementor-widget-container\">\n\t\t\t\t\t\t\t\t\t\t\t\t\t\t\t<img decoding=\"async\" width=\"100\" height=\"100\" src=\"https:\/\/spreitzer.de\/wp-content\/uploads\/2019\/12\/Icon-Ueber-uns.png\" class=\"attachment-large size-large wp-image-49388\" alt=\"Spreitzer Gosheim Qui\u00e9nes somos Icon\" srcset=\"https:\/\/spreitzer.de\/wp-content\/uploads\/2019\/12\/Icon-Ueber-uns.png 100w, https:\/\/spreitzer.de\/wp-content\/uploads\/2019\/12\/Icon-Ueber-uns-66x66.png 66w\" sizes=\"(max-width: 100px) 100vw, 100px\">\t\t\t\t\t\t\t\t\t\t\t\t\t\t\t<\/div>\n\t\t\t\t<\/div>\n\t\t<div class=\"elementor-element elementor-element-8a9dc21 e-con-full e-flex e-con e-child\" data-id=\"8a9dc21\" data-element_type=\"container\" data-e-type=\"container\" data-settings=\"{&quot;jet_parallax_layout_list&quot;:[],&quot;_ob_use_container_extras&quot;:&quot;no&quot;,&quot;_ob_column_hoveranimator&quot;:&quot;no&quot;,&quot;_ob_glider_is_slider&quot;:&quot;no&quot;,&quot;_ob_column_has_pseudo&quot;:&quot;no&quot;}\">\n\t\t\t\t<div class=\"elementor-element elementor-element-5a461f0 ob-harakiri-inherit ob-has-background-overlay elementor-widget elementor-widget-heading\" data-id=\"5a461f0\" data-element_type=\"widget\" data-e-type=\"widget\" data-settings=\"{&quot;_ob_use_harakiri&quot;:&quot;yes&quot;,&quot;_ob_harakiri_writing_mode&quot;:&quot;inherit&quot;,&quot;_ob_harakiri_text_clip&quot;:&quot;none&quot;,&quot;_ob_perspektive_use&quot;:&quot;no&quot;,&quot;_ob_poopart_use&quot;:&quot;yes&quot;,&quot;_ob_shadough_use&quot;:&quot;no&quot;,&quot;_ob_allow_hoveranimator&quot;:&quot;no&quot;,&quot;_ob_widget_stalker_use&quot;:&quot;no&quot;}\" data-widget_type=\"heading.default\">\n\t\t\t\t<div class=\"elementor-widget-container\">\n\t\t\t\t\t<h1 class=\"elementor-heading-title elementor-size-default\">Noticias en Spreitzer<\/h1>\t\t\t\t<\/div>\n\t\t\t\t<\/div>\n\t\t\t\t<\/div>\n\t\t<div class=\"elementor-element elementor-element-87d338a e-con-full e-flex e-con e-child\" data-id=\"87d338a\" data-element_type=\"container\" data-e-type=\"container\" data-settings=\"{&quot;jet_parallax_layout_list&quot;:[],&quot;_ob_use_container_extras&quot;:&quot;no&quot;,&quot;_ob_column_hoveranimator&quot;:&quot;no&quot;,&quot;_ob_glider_is_slider&quot;:&quot;no&quot;,&quot;_ob_column_has_pseudo&quot;:&quot;no&quot;}\">\n\t\t\t\t<div class=\"elementor-element elementor-element-abcebfb elementor-cta--skin-classic elementor-animated-content elementor-bg-transform elementor-bg-transform-zoom-in ob-has-background-overlay elementor-widget elementor-widget-call-to-action\" data-id=\"abcebfb\" data-element_type=\"widget\" data-e-type=\"widget\" data-settings=\"{&quot;_ob_perspektive_use&quot;:&quot;no&quot;,&quot;_ob_poopart_use&quot;:&quot;yes&quot;,&quot;_ob_shadough_use&quot;:&quot;no&quot;,&quot;_ob_allow_hoveranimator&quot;:&quot;no&quot;,&quot;_ob_widget_stalker_use&quot;:&quot;no&quot;}\" data-widget_type=\"call-to-action.default\">\n\t\t\t\t<div class=\"elementor-widget-container\">\n\t\t\t\t\t\t\t<a class=\"elementor-cta\" href=\"https:\/\/spreitzer.de\/aktuelles\/messetermine\/\">\n\t\t\t\t\t\t\t<div class=\"elementor-cta__content\">\n\t\t\t\t\t\t\t\t\t<div class=\"elementor-content-item elementor-cta__content-item elementor-cta__image\">\n\t\t\t\t\t\t<img decoding=\"async\" width=\"100\" height=\"100\" src=\"https:\/\/spreitzer.de\/wp-content\/uploads\/2019\/12\/Icon-Termine-Messetermine.png\" class=\"attachment-thumbnail size-thumbnail wp-image-13932\" alt=\"Spreitzer Gosheim Termine Messetermine Icon\" srcset=\"https:\/\/spreitzer.de\/wp-content\/uploads\/2019\/12\/Icon-Termine-Messetermine.png 100w, https:\/\/spreitzer.de\/wp-content\/uploads\/2019\/12\/Icon-Termine-Messetermine-66x66.png 66w\" sizes=\"(max-width: 100px) 100vw, 100px\">\t\t\t\t\t<\/div>\n\t\t\t\t\n\t\t\t\t\t\t\t\t\t<h2 class=\"elementor-cta__title elementor-cta__content-item elementor-content-item\">\n\t\t\t\t\t\tFechas de ferias\t\t\t\t\t<\/h2>\n\t\t\t\t\n\t\t\t\t\n\t\t\t\t\t\t\t<\/div>\n\t\t\t\t\t\t<\/a>\n\t\t\t\t\t\t<\/div>\n\t\t\t\t<\/div>\n\t\t\t\t<div class=\"elementor-element elementor-element-a7c1536 elementor-widget-mobile__width-inherit elementor-cta--skin-classic elementor-animated-content elementor-bg-transform elementor-bg-transform-zoom-in ob-has-background-overlay elementor-widget elementor-widget-call-to-action\" data-id=\"a7c1536\" data-element_type=\"widget\" data-e-type=\"widget\" data-settings=\"{&quot;_ob_perspektive_use&quot;:&quot;no&quot;,&quot;_ob_poopart_use&quot;:&quot;yes&quot;,&quot;_ob_shadough_use&quot;:&quot;no&quot;,&quot;_ob_allow_hoveranimator&quot;:&quot;no&quot;,&quot;_ob_widget_stalker_use&quot;:&quot;no&quot;}\" data-widget_type=\"call-to-action.default\">\n\t\t\t\t<div class=\"elementor-widget-container\">\n\t\t\t\t\t\t\t<a class=\"elementor-cta\" href=\"https:\/\/spreitzer.de\/aktuelles\/newsletter\/\">\n\t\t\t\t\t\t\t<div class=\"elementor-cta__content\">\n\t\t\t\t\t\t\t\t\t<div class=\"elementor-content-item elementor-cta__content-item elementor-cta__image\">\n\t\t\t\t\t\t<img decoding=\"async\" width=\"100\" height=\"100\" src=\"https:\/\/spreitzer.de\/wp-content\/uploads\/2019\/12\/Icon-Newsletter.png\" class=\"attachment-thumbnail size-thumbnail wp-image-13691\" alt=\"Spreitzer Gosheim Newsletter Icon\" srcset=\"https:\/\/spreitzer.de\/wp-content\/uploads\/2019\/12\/Icon-Newsletter.png 100w, https:\/\/spreitzer.de\/wp-content\/uploads\/2019\/12\/Icon-Newsletter-66x66.png 66w\" sizes=\"(max-width: 100px) 100vw, 100px\">\t\t\t\t\t<\/div>\n\t\t\t\t\n\t\t\t\t\t\t\t\t\t<h2 class=\"elementor-cta__title elementor-cta__content-item elementor-content-item\">\n\t\t\t\t\t\tBolet\u00edn\t\t\t\t\t<\/h2>\n\t\t\t\t\n\t\t\t\t\n\t\t\t\t\t\t\t<\/div>\n\t\t\t\t\t\t<\/a>\n\t\t\t\t\t\t<\/div>\n\t\t\t\t<\/div>\n\t\t\t\t<\/div>\n\t\t\t\t\t<\/div>\n\t\t\t\t<\/div>\n\t\t<div class=\"elementor-element elementor-element-4c74558 e-flex e-con-boxed e-con e-parent\" data-id=\"4c74558\" data-element_type=\"container\" data-e-type=\"container\" data-settings=\"{&quot;jet_parallax_layout_list&quot;:[],&quot;_ob_use_container_extras&quot;:&quot;no&quot;,&quot;_ob_column_hoveranimator&quot;:&quot;no&quot;,&quot;_ob_glider_is_slider&quot;:&quot;no&quot;,&quot;_ob_column_has_pseudo&quot;:&quot;no&quot;}\">\n\t\t\t\t\t<div class=\"e-con-inner\">\n\t\t\t\t<div class=\"elementor-element elementor-element-028e804 ob-harakiri-inherit ob-has-background-overlay elementor-widget elementor-widget-heading\" data-id=\"028e804\" data-element_type=\"widget\" data-e-type=\"widget\" data-settings=\"{&quot;_ob_use_harakiri&quot;:&quot;yes&quot;,&quot;_ob_harakiri_writing_mode&quot;:&quot;inherit&quot;,&quot;_ob_harakiri_text_clip&quot;:&quot;none&quot;,&quot;_ob_perspektive_use&quot;:&quot;no&quot;,&quot;_ob_poopart_use&quot;:&quot;yes&quot;,&quot;_ob_shadough_use&quot;:&quot;no&quot;,&quot;_ob_allow_hoveranimator&quot;:&quot;no&quot;,&quot;_ob_widget_stalker_use&quot;:&quot;no&quot;}\" data-widget_type=\"heading.default\">\n\t\t\t\t<div class=\"elementor-widget-container\">\n\t\t\t\t\t<h2 class=\"elementor-heading-title elementor-size-default\">eventos<\/h2>\t\t\t\t<\/div>\n\t\t\t\t<\/div>\n\t\t\t\t<div class=\"elementor-element elementor-element-fdf92a5 ob-has-background-overlay elementor-widget elementor-widget-jet-posts\" data-id=\"fdf92a5\" data-element_type=\"widget\" data-e-type=\"widget\" data-settings=\"{&quot;columns_mobile_extra&quot;:&quot;2&quot;,&quot;columns_mobile&quot;:&quot;1&quot;,&quot;columns&quot;:3,&quot;slides_to_scroll&quot;:&quot;1&quot;,&quot;_ob_perspektive_use&quot;:&quot;no&quot;,&quot;_ob_poopart_use&quot;:&quot;yes&quot;,&quot;_ob_shadough_use&quot;:&quot;no&quot;,&quot;_ob_allow_hoveranimator&quot;:&quot;no&quot;,&quot;_ob_widget_stalker_use&quot;:&quot;no&quot;}\" data-widget_type=\"jet-posts.default\">\n\t\t\t\t<div class=\"elementor-widget-container\">\n\t\t\t\t\t<div class=\"elementor-jet-posts jet-elements\"><div class=\"jet-posts col-row  jet-equal-cols\"><div class=\"jet-posts__item\">\n\t<div class=\"jet-posts__inner-box\"><div class=\"post-thumbnail\"><a href=\"https:\/\/spreitzer.de\/es\/40-anos-de-spreitzer\/\" class=\"post-thumbnail__link\"><img loading=\"lazy\" decoding=\"async\" class=\"post-thumbnail__img wp-post-image\" src=\"https:\/\/spreitzer.de\/wp-content\/uploads\/2025\/01\/IMG_20231013_135848_resized_20231018_105518272-scaled-1-1024x768.jpg\" alt=\"40 A\u00d1OS DE SPREITZER\" width=\"800\" height=\"600\"><\/a><\/div><div class=\"jet-posts__inner-content\"><h4 class=\"entry-title\"><a href=\"https:\/\/spreitzer.de\/es\/40-anos-de-spreitzer\/\" target=\"_blank\">40 A\u00d1OS DE SPREITZER<\/a><\/h4><div class=\"entry-excerpt\">En octubre de 2023, celebramos nuestro 40 aniversario de empresa. Como agradecimiento a nuestros empleados, nos tomamos un d\u00eda libre&hellip;<\/div><div class=\"jet-more-wrap\"><a href=\"https:\/\/spreitzer.de\/es\/40-anos-de-spreitzer\/\" class=\"btn btn-primary elementor-button elementor-size-md jet-more\" target=\"_blank\"><span class=\"btn__text\">Saber m\u00e1s<\/span><\/a><\/div><\/div><\/div>\n<\/div>\n<div class=\"jet-posts__item\">\n\t<div class=\"jet-posts__inner-box\"><div class=\"post-thumbnail\"><a href=\"https:\/\/spreitzer.de\/es\/visita-a-gf-machining-solutions-gmbh-en-schorndorf\/\" class=\"post-thumbnail__link\"><img loading=\"lazy\" decoding=\"async\" class=\"post-thumbnail__img wp-post-image\" src=\"https:\/\/spreitzer.de\/wp-content\/uploads\/2025\/01\/Spreitzer_bei_GF_machining_Schorndorf_2.jpg\" alt=\"Visita a GF Machining Solutions GmbH en Schorndorf\" width=\"800\" height=\"600\"><\/a><\/div><div class=\"jet-posts__inner-content\"><h4 class=\"entry-title\"><a href=\"https:\/\/spreitzer.de\/es\/visita-a-gf-machining-solutions-gmbh-en-schorndorf\/\" target=\"_blank\">Visita a GF Machining Solutions GmbH en Schorndorf<\/a><\/h4><div class=\"entry-excerpt\">Los empleados de Spreitzer obtienen informaci\u00f3n de primera mano con el objetivo de lograr una mayor productividad y utilizaci\u00f3n de&hellip;<\/div><div class=\"jet-more-wrap\"><a href=\"https:\/\/spreitzer.de\/es\/visita-a-gf-machining-solutions-gmbh-en-schorndorf\/\" class=\"btn btn-primary elementor-button elementor-size-md jet-more\" target=\"_blank\"><span class=\"btn__text\">Saber m\u00e1s<\/span><\/a><\/div><\/div><\/div>\n<\/div>\n<div class=\"jet-posts__item\">\n\t<div class=\"jet-posts__inner-box\"><div class=\"post-thumbnail\"><a href=\"https:\/\/spreitzer.de\/es\/chiron-casa-abierta-2023\/\" class=\"post-thumbnail__link\"><img loading=\"lazy\" decoding=\"async\" class=\"post-thumbnail__img wp-post-image\" src=\"https:\/\/spreitzer.de\/wp-content\/uploads\/2025\/01\/Chiron_open_House_2023_1-scaled-1-1024x768.jpg\" alt=\"CHIRON Casa Abierta 2023\" width=\"800\" height=\"600\"><\/a><\/div><div class=\"jet-posts__inner-content\"><h4 class=\"entry-title\"><a href=\"https:\/\/spreitzer.de\/es\/chiron-casa-abierta-2023\/\" target=\"_blank\">CHIRON Casa Abierta 2023<\/a><\/h4><div class=\"entry-excerpt\">Este a\u00f1o, la Jornada de Puertas Abiertas del Grupo CHIRON SE volver\u00e1 a celebrarse en Tuttlingen. Nuestro stand mostrar\u00e1 una&hellip;<\/div><div class=\"jet-more-wrap\"><a href=\"https:\/\/spreitzer.de\/es\/chiron-casa-abierta-2023\/\" class=\"btn btn-primary elementor-button elementor-size-md jet-more\" target=\"_blank\"><span class=\"btn__text\">Saber m\u00e1s<\/span><\/a><\/div><\/div><\/div>\n<\/div>\n<div class=\"jet-posts__item\">\n\t<div class=\"jet-posts__inner-box\"><div class=\"post-thumbnail\"><a href=\"https:\/\/spreitzer.de\/es\/control-2023\/\" class=\"post-thumbnail__link\"><img loading=\"lazy\" decoding=\"async\" class=\"post-thumbnail__img wp-post-image\" src=\"https:\/\/spreitzer.de\/wp-content\/uploads\/2025\/01\/Control_11_05_2023_6.jpg\" alt=\"CONTROL 2023\" width=\"768\" height=\"1024\"><\/a><\/div><div class=\"jet-posts__inner-content\"><h4 class=\"entry-title\"><a href=\"https:\/\/spreitzer.de\/es\/control-2023\/\" target=\"_blank\">CONTROL 2023<\/a><\/h4><div class=\"entry-excerpt\">Nos alegr\u00f3 mucho el gran inter\u00e9s suscitado por nuestro innovador sistema de fijaci\u00f3n ALUMESS.easyloc, adecuado tanto para metrolog\u00eda como para&hellip;<\/div><div class=\"jet-more-wrap\"><a href=\"https:\/\/spreitzer.de\/es\/control-2023\/\" class=\"btn btn-primary elementor-button elementor-size-md jet-more\" target=\"_blank\"><span class=\"btn__text\">Saber m\u00e1s<\/span><\/a><\/div><\/div><\/div>\n<\/div>\n<div class=\"jet-posts__item\">\n\t<div class=\"jet-posts__inner-box\"><div class=\"post-thumbnail\"><a href=\"https:\/\/spreitzer.de\/es\/despedida-del-sr-norbert-schrenk\/\" class=\"post-thumbnail__link\"><img loading=\"lazy\" decoding=\"async\" class=\"post-thumbnail__img wp-post-image\" src=\"https:\/\/spreitzer.de\/wp-content\/uploads\/2025\/01\/Verabschiedung_Norbert_Schrenk-scaled-1-1024x768.jpg\" alt=\"Despedida del Sr. Norbert Schrenk\" width=\"800\" height=\"600\"><\/a><\/div><div class=\"jet-posts__inner-content\"><h4 class=\"entry-title\"><a href=\"https:\/\/spreitzer.de\/es\/despedida-del-sr-norbert-schrenk\/\" target=\"_blank\">Despedida del Sr. Norbert Schrenk<\/a><\/h4><div class=\"entry-excerpt\">El martes 7 de febrero de 2023 pudimos despedirnos de nuestro empleado de muchos a\u00f1os, el Sr. Norbert Schrenk, con&hellip;<\/div><div class=\"jet-more-wrap\"><a href=\"https:\/\/spreitzer.de\/es\/despedida-del-sr-norbert-schrenk\/\" class=\"btn btn-primary elementor-button elementor-size-md jet-more\" target=\"_blank\"><span class=\"btn__text\">Saber m\u00e1s<\/span><\/a><\/div><\/div><\/div>\n<\/div>\n<div class=\"jet-posts__item\">\n\t<div class=\"jet-posts__inner-box\"><div class=\"post-thumbnail\"><a href=\"https:\/\/spreitzer.de\/es\/fiesta-de-navidad-2017\/\" class=\"post-thumbnail__link\"><img loading=\"lazy\" decoding=\"async\" class=\"post-thumbnail__img wp-post-image\" src=\"https:\/\/spreitzer.de\/wp-content\/uploads\/2025\/01\/Weihnachtsfeier_2017_3-scaled-1-1024x768.jpg\" alt=\"Fiesta de Navidad 2017\" width=\"800\" height=\"600\"><\/a><\/div><div class=\"jet-posts__inner-content\"><h4 class=\"entry-title\"><a href=\"https:\/\/spreitzer.de\/es\/fiesta-de-navidad-2017\/\" target=\"_blank\">Fiesta de Navidad 2017<\/a><\/h4><div class=\"jet-more-wrap\"><a href=\"https:\/\/spreitzer.de\/es\/fiesta-de-navidad-2017\/\" class=\"btn btn-primary elementor-button elementor-size-md jet-more\" target=\"_blank\"><span class=\"btn__text\">Saber m\u00e1s<\/span><\/a><\/div><\/div><\/div>\n<\/div>\n<div class=\"jet-posts__item\">\n\t<div class=\"jet-posts__inner-box\"><div class=\"post-thumbnail\"><a href=\"https:\/\/spreitzer.de\/es\/salida-de-empresa-al-museo-al-aire-libre-2016\/\" class=\"post-thumbnail__link\"><img loading=\"lazy\" decoding=\"async\" class=\"post-thumbnail__img wp-post-image\" src=\"https:\/\/spreitzer.de\/wp-content\/uploads\/2025\/01\/Neuhausen_2016_20-scaled-1-1024x768.jpg\" alt=\"Salida de empresa al museo al aire libre 2016\" width=\"800\" height=\"600\"><\/a><\/div><div class=\"jet-posts__inner-content\"><h4 class=\"entry-title\"><a href=\"https:\/\/spreitzer.de\/es\/salida-de-empresa-al-museo-al-aire-libre-2016\/\" target=\"_blank\">Salida de empresa al museo al aire libre 2016<\/a><\/h4><div class=\"jet-more-wrap\"><a href=\"https:\/\/spreitzer.de\/es\/salida-de-empresa-al-museo-al-aire-libre-2016\/\" class=\"btn btn-primary elementor-button elementor-size-md jet-more\" target=\"_blank\"><span class=\"btn__text\">Saber m\u00e1s<\/span><\/a><\/div><\/div><\/div>\n<\/div>\n<div class=\"jet-posts__item\">\n\t<div class=\"jet-posts__inner-box\"><div class=\"post-thumbnail\"><a href=\"https:\/\/spreitzer.de\/es\/carrera-neckarman-2016\/\" class=\"post-thumbnail__link\"><img loading=\"lazy\" decoding=\"async\" class=\"post-thumbnail__img wp-post-image\" src=\"https:\/\/spreitzer.de\/wp-content\/uploads\/2025\/01\/1_Eventsponsoring_2016-scaled-1-1024x768.jpg\" alt=\"Carrera Neckarman 2016\" width=\"800\" height=\"600\"><\/a><\/div><div class=\"jet-posts__inner-content\"><h4 class=\"entry-title\"><a href=\"https:\/\/spreitzer.de\/es\/carrera-neckarman-2016\/\" target=\"_blank\">Carrera Neckarman 2016<\/a><\/h4><div class=\"jet-more-wrap\"><a href=\"https:\/\/spreitzer.de\/es\/carrera-neckarman-2016\/\" class=\"btn btn-primary elementor-button elementor-size-md jet-more\" target=\"_blank\"><span class=\"btn__text\">Saber m\u00e1s<\/span><\/a><\/div><\/div><\/div>\n<\/div>\n<div class=\"jet-posts__item\">\n\t<div class=\"jet-posts__inner-box\"><div class=\"post-thumbnail\"><a href=\"https:\/\/spreitzer.de\/es\/acto-de-patrocinio-escuela-erwin-teufel-spaichingen-2015\/\" class=\"post-thumbnail__link\"><img loading=\"lazy\" decoding=\"async\" class=\"post-thumbnail__img wp-post-image\" src=\"https:\/\/spreitzer.de\/wp-content\/uploads\/2025\/01\/Spender_Erwin_Teufel_Schule_2015-scaled-1-1024x576.jpg\" alt=\"Acto de patrocinio, Escuela Erwin Teufel Spaichingen 2015\" width=\"800\" height=\"450\"><\/a><\/div><div class=\"jet-posts__inner-content\"><h4 class=\"entry-title\"><a href=\"https:\/\/spreitzer.de\/es\/acto-de-patrocinio-escuela-erwin-teufel-spaichingen-2015\/\" target=\"_blank\">Acto de patrocinio, Escuela Erwin Teufel Spaichingen 2015<\/a><\/h4><div class=\"jet-more-wrap\"><a href=\"https:\/\/spreitzer.de\/es\/acto-de-patrocinio-escuela-erwin-teufel-spaichingen-2015\/\" class=\"btn btn-primary elementor-button elementor-size-md jet-more\" target=\"_blank\"><span class=\"btn__text\">Saber m\u00e1s<\/span><\/a><\/div><\/div><\/div>\n<\/div>\n<div class=\"jet-posts__item\">\n\t<div class=\"jet-posts__inner-box\"><div class=\"post-thumbnail\"><a href=\"https:\/\/spreitzer.de\/es\/visita-a-la-fabrica-de-cerveza-hirsch-en-wurmlingen-2015\/\" class=\"post-thumbnail__link\"><img loading=\"lazy\" decoding=\"async\" class=\"post-thumbnail__img wp-post-image\" src=\"https:\/\/spreitzer.de\/wp-content\/uploads\/2025\/01\/Hirschbrauerei_2015_4-scaled-1-1024x768.jpg\" alt=\"Visita a la f\u00e1brica de cerveza Hirsch en Wurmlingen 2015\" width=\"800\" height=\"600\"><\/a><\/div><div class=\"jet-posts__inner-content\"><h4 class=\"entry-title\"><a href=\"https:\/\/spreitzer.de\/es\/visita-a-la-fabrica-de-cerveza-hirsch-en-wurmlingen-2015\/\" target=\"_blank\">Visita a la f\u00e1brica de cerveza Hirsch en Wurmlingen 2015<\/a><\/h4><div class=\"jet-more-wrap\"><a href=\"https:\/\/spreitzer.de\/es\/visita-a-la-fabrica-de-cerveza-hirsch-en-wurmlingen-2015\/\" class=\"btn btn-primary elementor-button elementor-size-md jet-more\" target=\"_blank\"><span class=\"btn__text\">Saber m\u00e1s<\/span><\/a><\/div><\/div><\/div>\n<\/div>\n<div class=\"jet-posts__item\">\n\t<div class=\"jet-posts__inner-box\"><div class=\"post-thumbnail\"><a href=\"https:\/\/spreitzer.de\/es\/visita-al-parque-de-atracciones-de-mahlstetten-en-2015\/\" class=\"post-thumbnail__link\"><img loading=\"lazy\" decoding=\"async\" class=\"post-thumbnail__img wp-post-image\" src=\"https:\/\/spreitzer.de\/wp-content\/uploads\/2025\/01\/Freizeitpark_Mahlstetten_2015_7-scaled-1-1024x768.jpg\" alt=\"Visita al parque de atracciones de Mahlstetten en 2015\" width=\"800\" height=\"600\"><\/a><\/div><div class=\"jet-posts__inner-content\"><h4 class=\"entry-title\"><a href=\"https:\/\/spreitzer.de\/es\/visita-al-parque-de-atracciones-de-mahlstetten-en-2015\/\" target=\"_blank\">Visita al parque de atracciones de Mahlstetten en 2015<\/a><\/h4><div class=\"jet-more-wrap\"><a href=\"https:\/\/spreitzer.de\/es\/visita-al-parque-de-atracciones-de-mahlstetten-en-2015\/\" class=\"btn btn-primary elementor-button elementor-size-md jet-more\" target=\"_blank\"><span class=\"btn__text\">Saber m\u00e1s<\/span><\/a><\/div><\/div><\/div>\n<\/div>\n<div class=\"jet-posts__item\">\n\t<div class=\"jet-posts__inner-box\"><div class=\"post-thumbnail\"><a href=\"https:\/\/spreitzer.de\/es\/fiesta-de-verano-2014\/\" class=\"post-thumbnail__link\"><img loading=\"lazy\" decoding=\"async\" class=\"post-thumbnail__img wp-post-image\" src=\"https:\/\/spreitzer.de\/wp-content\/uploads\/2025\/01\/Sommerfest_2014_8-scaled-1-1024x680.jpg\" alt=\"Fiesta de verano 2014\" width=\"800\" height=\"531\"><\/a><\/div><div class=\"jet-posts__inner-content\"><h4 class=\"entry-title\"><a href=\"https:\/\/spreitzer.de\/es\/fiesta-de-verano-2014\/\" target=\"_blank\">Fiesta de verano 2014<\/a><\/h4><div class=\"jet-more-wrap\"><a href=\"https:\/\/spreitzer.de\/es\/fiesta-de-verano-2014\/\" class=\"btn btn-primary elementor-button elementor-size-md jet-more\" target=\"_blank\"><span class=\"btn__text\">Saber m\u00e1s<\/span><\/a><\/div><\/div><\/div>\n<\/div>\n<div class=\"jet-posts__item\">\n\t<div class=\"jet-posts__inner-box\"><div class=\"post-thumbnail\"><a href=\"https:\/\/spreitzer.de\/es\/salida-de-empresa-a-bodman-2013\/\" class=\"post-thumbnail__link\"><img loading=\"lazy\" decoding=\"async\" class=\"post-thumbnail__img wp-post-image\" src=\"https:\/\/spreitzer.de\/wp-content\/uploads\/2025\/01\/Bodman_2013_8-scaled-1-1024x768.jpg\" alt=\"Salida de empresa a Bodman 2013\" width=\"800\" height=\"600\"><\/a><\/div><div class=\"jet-posts__inner-content\"><h4 class=\"entry-title\"><a href=\"https:\/\/spreitzer.de\/es\/salida-de-empresa-a-bodman-2013\/\" target=\"_blank\">Salida de empresa a Bodman 2013<\/a><\/h4><div class=\"jet-more-wrap\"><a href=\"https:\/\/spreitzer.de\/es\/salida-de-empresa-a-bodman-2013\/\" class=\"btn btn-primary elementor-button elementor-size-md jet-more\" target=\"_blank\"><span class=\"btn__text\">Saber m\u00e1s<\/span><\/a><\/div><\/div><\/div>\n<\/div>\n<\/div>\n<\/div>\t\t\t\t<\/div>\n\t\t\t\t<\/div>\n\t\t\t\t\t<\/div>\n\t\t\t\t<\/div>\n\t\t\t\t<\/div>\n\t\t","protected":false},"excerpt":{"rendered":"<p>Noticias en Spreitzer Fechas de ferias Bolet\u00edn eventos 40 JAHRE SPREITZER Im Oktober 2023 feierten wir unser 40-j\u00e4hriges Firmenjubil\u00e4um. Als Dankesch\u00f6n an unsere Belegschaft, haben wir einen Tag die Arbeit ruhen&hellip;Saber m\u00e1s Besuch bei GF Machining Solutions GmbH in Schorndorf Spreitzer Mitarbeiter informieren sich aus erster Hand, mit dem Ziel zuk\u00fcnftig eine h\u00f6here Produktivit\u00e4t und [&hellip;]<\/p>\n","protected":false},"author":14,"featured_media":0,"parent":0,"menu_order":1200,"comment_status":"closed","ping_status":"closed","template":"","meta":{"footnotes":""},"class_list":["post-46343","page","type-page","status-publish","hentry"],"_links":{"self":[{"href":"https:\/\/spreitzer.de\/es\/wp-json\/wp\/v2\/pages\/46343","targetHints":{"allow":["GET"]}}],"collection":[{"href":"https:\/\/spreitzer.de\/es\/wp-json\/wp\/v2\/pages"}],"about":[{"href":"https:\/\/spreitzer.de\/es\/wp-json\/wp\/v2\/types\/page"}],"author":[{"embeddable":true,"href":"https:\/\/spreitzer.de\/es\/wp-json\/wp\/v2\/users\/14"}],"replies":[{"embeddable":true,"href":"https:\/\/spreitzer.de\/es\/wp-json\/wp\/v2\/comments?post=46343"}],"version-history":[{"count":1,"href":"https:\/\/spreitzer.de\/es\/wp-json\/wp\/v2\/pages\/46343\/revisions"}],"predecessor-version":[{"id":46346,"href":"https:\/\/spreitzer.de\/es\/wp-json\/wp\/v2\/pages\/46343\/revisions\/46346"}],"wp:attachment":[{"href":"https:\/\/spreitzer.de\/es\/wp-json\/wp\/v2\/media?parent=46343"}],"curies":[{"name":"wp","href":"https:\/\/api.w.org\/{rel}","templated":true}]}}